{"id":2309,"date":"2020-11-27T11:53:49","date_gmt":"2020-11-27T10:53:49","guid":{"rendered":"https:\/\/www.hoteltamudabeach.ma\/wp\/?page_id=2309"},"modified":"2021-12-07T17:50:57","modified_gmt":"2021-12-07T16:50:57","slug":"cookie-policy","status":"publish","type":"page","link":"https:\/\/www.hoteltamudabeach.com\/fr\/cookie-policy\/","title":{"rendered":"Politique de Cookies"},"content":{"rendered":"<p><div class=\"fusion-fullwidth fullwidth-box fusion-builder-row-1 fusion-flex-container nonhundred-percent-fullwidth non-hundred-percent-height-scrolling\" style=\"--awb-background-position:left top;--awb-border-sizes-top:0px;--awb-border-sizes-bottom:0px;--awb-border-sizes-left:0px;--awb-border-sizes-right:0px;--awb-border-radius-top-left:0px;--awb-border-radius-top-right:0px;--awb-border-radius-bottom-right:0px;--awb-border-radius-bottom-left:0px;--awb-padding-top:20px;--awb-padding-bottom:95px;--awb-flex-wrap:wrap;\" ><div class=\"fusion-builder-row fusion-row fusion-flex-align-items-flex-start fusion-flex-content-wrap\" style=\"max-width:calc( 1200px + 0px );margin-left: calc(-0px \/ 2 );margin-right: calc(-0px \/ 2 );\"><div class=\"fusion-layout-column fusion_builder_column fusion-builder-column-0 fusion_builder_column_1_1 1_1 fusion-flex-column fusion-flex-align-self-flex-start fusion-column-no-min-height\" style=\"--awb-bg-size:cover;--awb-width-large:100%;--awb-margin-top-large:0px;--awb-spacing-right-large:0px;--awb-margin-bottom-large:0px;--awb-spacing-left-large:0px;--awb-width-medium:100%;--awb-spacing-right-medium:0px;--awb-spacing-left-medium:0px;--awb-width-small:100%;--awb-spacing-right-small:0px;--awb-spacing-left-small:0px;\"><div class=\"fusion-column-wrapper fusion-flex-justify-content-flex-start fusion-content-layout-column\"><div class=\"fusion-text fusion-text-1\"><h1 class=\"fusion-responsive-typography-calculated\" style=\"--fontsize: 46; line-height: 1.1;\" data-fontsize=\"46\" data-lineheight=\"51.0667px\" data-fusion-font=\"true\">Politique de Cookies<\/h1>\n<p><span style=\"line-height: 1.1;\" data-fusion-font=\"true\">Le site comporte un syst\u00e8me de cookies. Ainsi l\u2019utilisateur est inform\u00e9 que lors de ses visites sur le site, des cookies peuvent \u00eatre install\u00e9s automatiquement sur son navigateur internet.<\/span><span style=\"line-height: 36px;\" data-fusion-font=\"true\"><span style=\"line-height: 1.1;\" data-fusion-font=\"true\"><br \/>\nLes cookies sont des fichiers envoy\u00e9s sur le disque dur des utilisateurs afin de faciliter leur navigation sur le site et d'\u00e9tablir des statistiques de fr\u00e9quentation.<\/span><\/span><span style=\"line-height: 36px;\" data-fusion-font=\"true\"><span style=\"line-height: 1.1;\" data-fusion-font=\"true\"><br \/>\nCes cookies ne contiennent en aucun cas des informations nominatives.<\/span><\/span><span style=\"line-height: 36px;\" data-fusion-font=\"true\"><span style=\"line-height: 1.1;\" data-fusion-font=\"true\"><br \/>\nL'utilisateur peut d\u00e9sactiver l'envoi de cookies en modifiant les param\u00e8tres de son navigateur Internet.<\/span><\/span><\/p>\n<h3 class=\"fusion-responsive-typography-calculated\" style=\"--fontsize: 24; line-height: 1.67;\" data-fontsize=\"24\" data-lineheight=\"40.0833px\">Qu'est-ce qu'un cookie ?<\/h3>\n<p><span style=\"line-height: 32px;\" data-fusion-font=\"true\">Les cookies et autres traceurs similaires sont des paquets de donn\u00e9es utilis\u00e9s par les serveurs pour envoyer des informations d'\u00e9tat au navigateur d'un utilisateur et renvoyer des informations d'\u00e9tat au serveur d'origine via ce m\u00eame navigateur.<\/span><span style=\"line-height: 36px;\" data-fusion-font=\"true\"><span style=\"line-height: 32px;\" data-fusion-font=\"true\"><br \/>\nLes informations peuvent \u00eatre un identifiant de session, une langue, une date d'expiration, un champ de r\u00e9ponse ou d'autres types d'informations.<\/span><\/span><span style=\"line-height: 36px;\" data-fusion-font=\"true\"><span style=\"line-height: 32px;\" data-fusion-font=\"true\"><br \/>\nCes traceurs peuvent \u00eatre install\u00e9s sur votre appareil en fonction des pr\u00e9f\u00e9rences que vous avez exprim\u00e9es ou que vous pouvez exprimer \u00e0 tout moment conform\u00e9ment \u00e0 cette politique.<\/span><\/span><span style=\"line-height: 36px;\" data-fusion-font=\"true\"><span style=\"line-height: 32px;\" data-fusion-font=\"true\"><br \/>\nAu cours de leur p\u00e9riode de validit\u00e9, les cookies sont utilis\u00e9s pour stocker des informations d'\u00e9tat lorsqu'un navigateur acc\u00e8de \u00e0 diverses pages d'un site web ou lorsque le navigateur revient sur ce site web ult\u00e9rieurement.<\/span><\/span><span style=\"line-height: 36px;\" data-fusion-font=\"true\"><span style=\"line-height: 32px;\" data-fusion-font=\"true\"><br \/>\nIl existe diff\u00e9rents types de cookies :<\/span><\/span><\/p>\n<ul>\n<li><span style=\"line-height: 32px;\" data-fusion-font=\"true\">Cookies de session, qui sont supprim\u00e9s d\u00e8s que vous quittez le navigateur ou quittez le site web<\/span><\/li>\n<li><span style=\"line-height: 32px;\" data-fusion-font=\"true\">Cookies persistants, qui restent sur votre appareil jusqu'\u00e0 leur expiration ou jusqu'\u00e0 ce que vous les supprimiez \u00e0 l'aide des fonctionnalit\u00e9s de votre navigateur<\/span><\/li>\n<\/ul>\n<h3 class=\"fusion-responsive-typography-calculated\" style=\"--fontsize: 24; line-height: 1.67;\" data-fontsize=\"24\" data-lineheight=\"40.0833px\">Pourquoi avoir une politique de cookies ?<\/h3>\n<p><span style=\"line-height: 32px;\" data-fusion-font=\"true\">Dans le but de fournir des informations plus pertinentes et d'assurer la transparence, Tamuda Sky SARL a pour objectif de vous aider \u00e0 en apprendre davantage sur les points suivants :<\/span><\/p>\n<ul>\n<li><span style=\"line-height: 32px;\" data-fusion-font=\"true\">L'origine et la finalit\u00e9 des informations trait\u00e9es lorsque vous naviguez sur les sites internet de Tamuda Sky SARL.<\/span><\/li>\n<li><span style=\"line-height: 32px;\" data-fusion-font=\"true\">Vos droits concernant les cookies et autres traceurs utilis\u00e9s par Tamuda Sky SARL.<\/span><\/li>\n<\/ul>\n<h3 class=\"fusion-responsive-typography-calculated\" style=\"--fontsize: 24; line-height: 1.67;\" data-fontsize=\"24\" data-lineheight=\"40.0833px\">Pourquoi utiliser des cookies ?<\/h3>\n<p style=\"line-height: 36px;\" data-fusion-font=\"true\">Nous utilisons des cookies et autres traceurs principalement aux fins suivantes :<\/p>\n<ol>\n<li><span style=\"line-height: 36px;\" data-fusion-font=\"true\">Cookies strictement n\u00e9cessaires \u00e0 la navigation sur les sites internet de Tamuda Sky SARL et \u00e0 la possibilit\u00e9 d'utiliser toutes leurs fonctionnalit\u00e9s, et destin\u00e9s notamment \u00e0 :<br \/>\n<\/span><\/p>\n<ul>\n<li><span style=\"line-height: 36px;\" data-fusion-font=\"true\">G\u00e9rer l'authentification des visiteurs du site et les mesures de s\u00e9curit\u00e9 associ\u00e9es, et assurer le bon fonctionnement du module d'authentification.<\/span><\/li>\n<li><span style=\"line-height: 36px;\" data-fusion-font=\"true\">Optimiser l'exp\u00e9rience utilisateur et faciliter la navigation, notamment en d\u00e9terminant des \u00abitin\u00e9raires techniques\u00bb de navigation.<\/span><\/li>\n<li><span style=\"line-height: 36px;\" data-fusion-font=\"true\">Stocker des informations concernant la banni\u00e8re d'information \u00abcookies\u00bb vue par les visiteurs du site Web qui continuent ensuite \u00e0 naviguer sur le site apr\u00e8s avoir accept\u00e9 d'accepter les cookies sur leur appareil.<\/span><\/li>\n<li><span style=\"line-height: 36px;\" data-fusion-font=\"true\">Mettre en \u0153uvre des mesures de s\u00e9curit\u00e9. (par exemple, lorsque vous \u00eates invit\u00e9 \u00e0 vous reconnecter pour un contenu ou un service apr\u00e8s un certain laps de temps, ou pour assurer le fonctionnement de base des sites web Tamuda Sky SARL et l'utilisation de leurs principales fonctionnalit\u00e9s techniques, telles que le suivi des performances et erreurs de navigation, gestion des sessions utilisateurs, etc.)<\/span><\/li>\n<\/ul>\n<\/li>\n<li><span style=\"line-height: 36px;\" data-fusion-font=\"true\">Cookies pour des fonctionnalit\u00e9s destin\u00e9es notamment \u00e0 :<br \/>\n<\/span><\/p>\n<ul>\n<li><span style=\"line-height: 36px;\" data-fusion-font=\"true\">Adapter les sites web Tamuda Sky SARL aux pr\u00e9f\u00e9rences d'affichage de votre appareil (langue, devise, r\u00e9solution d'affichage, syst\u00e8me d'exploitation utilis\u00e9, configuration et param\u00e8tres d'affichage des pages web en fonction de l'appareil que vous utilisez et de son emplacement, etc.)<\/span><\/li>\n<li><span style=\"line-height: 36px;\" data-fusion-font=\"true\">Stocker les informations sp\u00e9cifiques que vous entrez sur les sites Web Tamuda Sky SARL afin de faciliter et de personnaliser vos visites ult\u00e9rieures (y compris l'affichage du pr\u00e9nom et du nom du visiteur si le visiteur dispose d'un compte utilisateur).<\/span><\/li>\n<li><span style=\"line-height: 36px;\" data-fusion-font=\"true\">Vous permettre d'acc\u00e9der plus rapidement \u00e0 vos pages personnelles en stockant les informations de connexion ou les informations que vous avez pr\u00e9c\u00e9demment saisies.<\/span><\/li>\n<\/ul>\n<\/li>\n<li><span style=\"line-height: 36px;\" data-fusion-font=\"true\">Les cookies de suivi des visiteurs visent \u00e0 am\u00e9liorer le confort des utilisateurs en nous aidant \u00e0 comprendre vos interactions avec les sites web de Tamuda Sky SARL (pages les plus visit\u00e9es, applications utilis\u00e9es, etc.) ; ces cookies peuvent collecter des statistiques ou tester diff\u00e9rentes mani\u00e8res d'afficher des informations afin d'am\u00e9liorer la pertinence et la convivialit\u00e9 de nos services.<\/span><\/li>\n<li><span style=\"line-height: 36px;\" data-fusion-font=\"true\">Les cookies publicitaires sont destin\u00e9s \u00e0 (i) vous proposer, dans les espaces publicitaires, des contenus pertinents et cibl\u00e9s susceptibles de vous int\u00e9resser (meilleures offres, autres destinations, etc.) en fonction de vos centres d'int\u00e9r\u00eat, de votre comportement de navigation, de vos pr\u00e9f\u00e9rences et d'autres facteurs, et (ii) r\u00e9duire le nombre de fois o\u00f9 les publicit\u00e9s apparaissent.<\/span><\/li>\n<li><span style=\"line-height: 36px;\" data-fusion-font=\"true\">Les cookies d'affiliation identifient le site web tiers qui a redirig\u00e9 un visiteur sur les sites Web Tamuda Sky SARL.<\/span><\/li>\n<li><span style=\"line-height: 36px;\" data-fusion-font=\"true\">Les cookies de r\u00e9seaux sociaux, d\u00e9finis par des tiers, vous permettent de partager votre opinion sur et le contenu des sites web de Tamuda Sky SARL sur les r\u00e9seaux sociaux (par exemple, les boutons d'application \u00abPartager\u00bb ou \u00abJ'aime\u00bb pour les r\u00e9seaux sociaux). Les applications de r\u00e9seaux sociaux sur les sites Internet de Tamuda Sky SARL telles que mentionn\u00e9es ci-dessus peuvent dans certains cas permettre aux r\u00e9seaux sociaux concern\u00e9s de vous identifier m\u00eame si vous n'avez pas cliqu\u00e9 sur le bouton de l'application. Ce type de bouton peut permettre \u00e0 un r\u00e9seau social de suivre votre navigation sur les sites Internet de Tamuda Sky SARL, simplement parce que votre compte dans le r\u00e9seau social concern\u00e9 est activ\u00e9 sur votre appareil (session ouverte) pendant que vous naviguez.<\/span><br \/>\n<span style=\"line-height: 36px;\" data-fusion-font=\"true\"><br \/>\nNous vous recommandons de lire les politiques de ces r\u00e9seaux sociaux pour vous familiariser avec la mani\u00e8re dont ils utilisent les informations de navigation qu'ils peuvent collecter, notamment en mati\u00e8re de publicit\u00e9. Ces politiques doivent notamment vous permettre de faire des choix sur ces r\u00e9seaux sociaux, notamment en configurant vos comptes utilisateurs pour chacun d'entre eux.<\/span><\/li>\n<\/ol>\n<h3 class=\"fusion-responsive-typography-calculated\" style=\"--fontsize: 24; line-height: 1.67;\" data-fontsize=\"24\" data-lineheight=\"40.0833px\">Consentement<\/h3>\n<p>L'in<span style=\"line-height: 36px;\" data-fusion-font=\"true\">stallation de certains cookies est soumise \u00e0 votre consentement. Aussi, lors de votre premi\u00e8re visite sur le site internet de Tamuda Sky SARL, il vous est demand\u00e9 si vous acceptez l'installation de ce type de cookie, qui n'est activ\u00e9 qu'apr\u00e8s votre acceptation.<\/span><br \/>\n<span style=\"line-height: 36px;\" data-fusion-font=\"true\"><br \/>\nCe processus est pris en charge au moyen d'une banni\u00e8re d'information et d'une invite sur la page d'accueil du site web de Tamuda Sky SARL, qui vous informe qu'en poursuivant votre navigation, vous consentez \u00e0 l'installation de cookies sur votre appareil.<\/span><br \/>\n<span style=\"line-height: 36px;\" data-fusion-font=\"true\"><br \/>\nVous pouvez changer d'avis \u00e0 tout moment en utilisant les diff\u00e9rentes m\u00e9thodes d\u00e9crites dans la section \u00abSupprimer et \/ ou bloquer les cookies\u00bb.<\/span><\/p>\n<h3 class=\"fusion-responsive-typography-calculated\" style=\"--fontsize: 24; line-height: 1.67;\" data-fontsize=\"24\" data-lineheight=\"40.0833px\">Suppression et \/ ou blocage des cookies<\/h3>\n<p>Vo<span style=\"line-height: 36px;\" data-fusion-font=\"true\">us disposez de plusieurs options pour supprimer les cookies et autres traceurs.<\/span><span style=\"line-height: 36px;\" data-fusion-font=\"true\"><br \/>\nParam\u00e8tres du navigateur<\/span><span style=\"line-height: 36px;\" data-fusion-font=\"true\">: bien que la plupart des navigateurs soient configur\u00e9s par d\u00e9faut pour accepter les cookies, vous pouvez, si vous le souhaitez, choisir d'accepter tous les cookies, toujours bloquer les cookies ou choisir les cookies \u00e0 accepter en fonction de leurs exp\u00e9diteurs.<\/span><span style=\"line-height: 36px;\" data-fusion-font=\"true\"><br \/>\nVous pouvez \u00e9galement configurer votre navigateur pour accepter ou bloquer les cookies au cas par cas avant leur installation. Votre navigateur vous permet \u00e9galement de supprimer r\u00e9guli\u00e8rement les cookies de votre appareil. N'oubliez pas de configurer tous les navigateurs de vos diff\u00e9rents appareils (tablettes, smartphones, ordinateurs, etc.).<\/span><span style=\"line-height: 36px;\" data-fusion-font=\"true\"><br \/>\nConcernant la gestion des cookies et vos pr\u00e9f\u00e9rences, la configuration varie pour chaque navigateur. Ceci est d\u00e9crit dans le menu Aide de votre navigateur, ainsi que comment modifier vos pr\u00e9f\u00e9rences concernant les cookies. Par exemple :<\/span><\/p>\n<ul>\n<li><span style=\"line-height: 36px;\" data-fusion-font=\"true\">Pour Internet Explorer \u2122: http:\/\/windows.microsoft.com\/en-US\/windows-vista\/Block-or-allow-cookies<\/span><\/li>\n<li><span style=\"line-height: 36px;\" data-fusion-font=\"true\">Pour Safari \u2122 : http:\/\/www.apple.com\/legal\/privacy\/en-ww\/cookies<\/span><\/li>\n<li><span style=\"line-height: 36px;\" data-fusion-font=\"true\">Pour Chrome \u2122 : http:\/\/support.google.com\/chrome\/bin\/answer.py?hl=fr&amp;hlrm=fr&amp;answer=95647<\/span><\/li>\n<li><span style=\"line-height: 36px;\" data-fusion-font=\"true\">Pour Firefox \u2122 : https:\/\/support.mozilla.org\/en-US\/kb\/enable-and-disable-cookies-website-preferences<\/span><\/li>\n<li><span style=\"line-height: 36px;\" data-fusion-font=\"true\">Pour Opera \u2122 : http:\/\/help.opera.com\/Windows\/10.20\/en\/cookies.html<\/span><\/li>\n<\/ul>\n<p><span style=\"line-height: 36px;\" data-fusion-font=\"true\">L'enregistrement d'un cookie sur votre terminal d\u00e9pend de vos souhaits, que vous pouvez exercer et modifier \u00e0 tout moment et gratuitement en utilisant les param\u00e8tres propos\u00e9s par votre logiciel de navigation.<\/span><span style=\"line-height: 36px;\" data-fusion-font=\"true\"><br \/>\nSi votre navigateur est param\u00e9tr\u00e9 pour accepter les cookies sur votre terminal, les cookies int\u00e9gr\u00e9s dans les pages et contenus que vous consultez peuvent \u00eatre temporairement stock\u00e9s dans un espace d\u00e9di\u00e9 sur votre terminal. Ils ne peuvent \u00eatre lus que par leur \u00e9metteur.<\/span><span style=\"line-height: 36px;\" data-fusion-font=\"true\"><br \/>\nCependant, vous pouvez configurer votre navigateur pour bloquer les cookies. Gardez \u00e0 l'esprit que si vous configurez votre navigateur pour bloquer les cookies, certaines fonctionnalit\u00e9s, pages et espaces des sites web de Tamuda Sky SARL ne seront pas accessibles et nous ne pouvons \u00eatre tenus responsables de ces probl\u00e8mes d'acc\u00e8s.<\/span><\/p>\n<\/div><\/div><\/div><\/div><\/div><div class=\"fusion-bg-parallax\" data-bg-align=\"left top\" data-direction=\"up\" data-mute=\"false\" data-opacity=\"100\" data-velocity=\"-0.3\" data-mobile-enabled=\"false\" data-break_parents=\"0\" data-bg-image=\"https:\/\/www.hoteltamudabeach.com\/wp-content\/uploads\/2020\/09\/background-book-now.jpg\" data-bg-repeat=\"false\" ><\/div><div class=\"fusion-fullwidth fullwidth-box fusion-builder-row-2 fusion-flex-container fusion-parallax-up nonhundred-percent-fullwidth non-hundred-percent-height-scrolling\" style=\"--awb-background-position:left top;--awb-border-sizes-top:0px;--awb-border-sizes-bottom:0px;--awb-border-sizes-left:0px;--awb-border-sizes-right:0px;--awb-border-radius-top-left:0px;--awb-border-radius-top-right:0px;--awb-border-radius-bottom-right:0px;--awb-border-radius-bottom-left:0px;--awb-padding-top:100px;--awb-padding-bottom:100px;--awb-padding-top-small:70px;--awb-padding-bottom-small:40px;--awb-background-image:url(&quot;https:\/\/www.hoteltamudabeach.com\/wp-content\/uploads\/2020\/09\/background-book-now.jpg&quot;);--awb-background-size:cover;--awb-flex-wrap:wrap;\" ><div class=\"fusion-builder-row fusion-row fusion-flex-align-items-flex-start fusion-flex-content-wrap\" style=\"max-width:1248px;margin-left: calc(-4% \/ 2 );margin-right: calc(-4% \/ 2 );\"><div class=\"fusion-layout-column fusion_builder_column fusion-builder-column-1 fusion_builder_column_1_6 1_6 fusion-flex-column fusion-no-small-visibility\" style=\"--awb-padding-top:10%;--awb-padding-right:10%;--awb-padding-bottom:10%;--awb-padding-left:10%;--awb-bg-size:cover;--awb-width-large:16.666666666667%;--awb-margin-top-large:0px;--awb-spacing-right-large:11.52%;--awb-margin-bottom-large:20px;--awb-spacing-left-large:11.52%;--awb-width-medium:16.666666666667%;--awb-spacing-right-medium:11.52%;--awb-spacing-left-medium:11.52%;--awb-width-small:100%;--awb-spacing-right-small:1.92%;--awb-spacing-left-small:1.92%;\"><div class=\"fusion-column-wrapper fusion-flex-justify-content-flex-start fusion-content-layout-column\"><\/div><\/div><div class=\"fusion-layout-column fusion_builder_column fusion-builder-column-2 fusion_builder_column_2_3 2_3 fusion-flex-column\" style=\"--awb-padding-top:5%;--awb-padding-right:5%;--awb-padding-bottom:5%;--awb-padding-left:5%;--awb-bg-color:rgba(255,255,255,.7);--awb-bg-color-hover:rgba(255,255,255,.7);--awb-bg-size:cover;--awb-width-large:66.666666666667%;--awb-margin-top-large:0px;--awb-spacing-right-large:2.88%;--awb-margin-bottom-large:20px;--awb-spacing-left-large:2.88%;--awb-width-medium:66.666666666667%;--awb-spacing-right-medium:2.88%;--awb-spacing-left-medium:2.88%;--awb-width-small:100%;--awb-spacing-right-small:1.92%;--awb-spacing-left-small:1.92%;\"><div class=\"fusion-column-wrapper fusion-flex-justify-content-flex-start fusion-content-layout-column\"><div class=\"fusion-title title fusion-title-1 fusion-sep-none fusion-title-center fusion-title-text fusion-title-size-two\" style=\"--awb-margin-bottom:0px;--awb-margin-top-small:10px;--awb-margin-right-small:0px;--awb-margin-bottom-small:0px;--awb-margin-left-small:0px;--awb-font-size:13px;\"><h2 class=\"fusion-title-heading title-heading-center fusion-responsive-typography-calculated\" style=\"font-family:&quot;Questrial&quot;;margin:0;letter-spacing:4px;font-size:1em;--fontSize:13;--minFontSize:13;line-height:1.69;\">MEILLEUR TARIF GARANTI<\/h2><\/div><div class=\"fusion-title title fusion-title-2 fusion-sep-none fusion-title-center fusion-title-text fusion-title-size-three\" style=\"--awb-margin-top-small:10px;--awb-margin-right-small:0px;--awb-margin-bottom-small:15px;--awb-margin-left-small:0px;--awb-font-size:46px;\"><h3 class=\"fusion-title-heading title-heading-center fusion-responsive-typography-calculated\" style=\"margin:0;font-size:1em;--fontSize:46;line-height:1.67;\">R\u00e9servez votre prochain s\u00e9jour !<\/h3><\/div><div class=\"fusion-separator\" style=\"align-self: center;margin-left: auto;margin-right: auto;margin-top:0px;margin-bottom:20px;width:100%;max-width:50px;\"><div class=\"fusion-separator-border sep-single sep-solid\" style=\"--awb-height:20px;--awb-amount:20px;--awb-sep-color:#cbaa5c;border-color:#cbaa5c;border-top-width:1px;\"><\/div><\/div><div class=\"fusion-separator fusion-full-width-sep\" style=\"align-self: center;margin-left: auto;margin-right: auto;margin-top:12px;width:100%;\"><\/div><div style=\"text-align:center;\"><a class=\"fusion-button button-flat fusion-button-default-size button-default fusion-button-default button-1 fusion-button-default-span \" style=\"--button-border-radius-top-left:0;--button-border-radius-top-right:0;--button-border-radius-bottom-right:0;--button-border-radius-bottom-left:0;\" target=\"_self\" href=\"https:\/\/www.hoteltamudabeach.com\/fr\/disponibilites\/\"><span class=\"fusion-button-text awb-button__text awb-button__text--default\">r\u00e9server<\/span><\/a><\/div><\/div><\/div><div class=\"fusion-layout-column fusion_builder_column fusion-builder-column-3 fusion_builder_column_1_6 1_6 fusion-flex-column fusion-no-small-visibility\" style=\"--awb-padding-top:10%;--awb-padding-right:10%;--awb-padding-bottom:10%;--awb-padding-left:10%;--awb-bg-size:cover;--awb-width-large:16.666666666667%;--awb-margin-top-large:0px;--awb-spacing-right-large:11.52%;--awb-margin-bottom-large:20px;--awb-spacing-left-large:11.52%;--awb-width-medium:16.666666666667%;--awb-spacing-right-medium:11.52%;--awb-spacing-left-medium:11.52%;--awb-width-small:100%;--awb-spacing-right-small:1.92%;--awb-spacing-left-small:1.92%;\"><div class=\"fusion-column-wrapper fusion-flex-justify-content-flex-start fusion-content-layout-column\"><\/div><\/div><\/div><\/div><\/p>\n","protected":false},"excerpt":{"rendered":"","protected":false},"author":1,"featured_media":0,"parent":0,"menu_order":0,"comment_status":"open","ping_status":"open","template":"100-width.php","meta":{"footnotes":""},"class_list":["post-2309","page","type-page","status-publish","hentry"],"_links":{"self":[{"href":"https:\/\/www.hoteltamudabeach.com\/fr\/wp-json\/wp\/v2\/pages\/2309","targetHints":{"allow":["GET"]}}],"collection":[{"href":"https:\/\/www.hoteltamudabeach.com\/fr\/wp-json\/wp\/v2\/pages"}],"about":[{"href":"https:\/\/www.hoteltamudabeach.com\/fr\/wp-json\/wp\/v2\/types\/page"}],"author":[{"embeddable":true,"href":"https:\/\/www.hoteltamudabeach.com\/fr\/wp-json\/wp\/v2\/users\/1"}],"replies":[{"embeddable":true,"href":"https:\/\/www.hoteltamudabeach.com\/fr\/wp-json\/wp\/v2\/comments?post=2309"}],"version-history":[{"count":20,"href":"https:\/\/www.hoteltamudabeach.com\/fr\/wp-json\/wp\/v2\/pages\/2309\/revisions"}],"predecessor-version":[{"id":8423,"href":"https:\/\/www.hoteltamudabeach.com\/fr\/wp-json\/wp\/v2\/pages\/2309\/revisions\/8423"}],"wp:attachment":[{"href":"https:\/\/www.hoteltamudabeach.com\/fr\/wp-json\/wp\/v2\/media?parent=2309"}],"curies":[{"name":"wp","href":"https:\/\/api.w.org\/{rel}","templated":true}]}}