{"id":2302,"date":"2020-11-27T11:42:50","date_gmt":"2020-11-27T10:42:50","guid":{"rendered":"https:\/\/www.hoteltamudabeach.ma\/wp\/?page_id=2302"},"modified":"2021-12-07T17:28:50","modified_gmt":"2021-12-07T16:28:50","slug":"legal-notice","status":"publish","type":"page","link":"https:\/\/www.hoteltamudabeach.com\/fr\/legal-notice\/","title":{"rendered":"Mentions L\u00e9gales"},"content":{"rendered":"<p><div class=\"fusion-fullwidth fullwidth-box fusion-builder-row-1 fusion-flex-container nonhundred-percent-fullwidth non-hundred-percent-height-scrolling\" style=\"--awb-background-position:left top;--awb-border-sizes-top:0px;--awb-border-sizes-bottom:0px;--awb-border-sizes-left:0px;--awb-border-sizes-right:0px;--awb-border-radius-top-left:0px;--awb-border-radius-top-right:0px;--awb-border-radius-bottom-right:0px;--awb-border-radius-bottom-left:0px;--awb-padding-top:20px;--awb-padding-bottom:95px;--awb-flex-wrap:wrap;\" ><div class=\"fusion-builder-row fusion-row fusion-flex-align-items-flex-start fusion-flex-content-wrap\" style=\"max-width:calc( 1200px + 0px );margin-left: calc(-0px \/ 2 );margin-right: calc(-0px \/ 2 );\"><div class=\"fusion-layout-column fusion_builder_column fusion-builder-column-0 fusion_builder_column_1_1 1_1 fusion-flex-column fusion-flex-align-self-flex-start fusion-column-no-min-height\" style=\"--awb-bg-size:cover;--awb-width-large:100%;--awb-margin-top-large:0px;--awb-spacing-right-large:0px;--awb-margin-bottom-large:0px;--awb-spacing-left-large:0px;--awb-width-medium:100%;--awb-spacing-right-medium:0px;--awb-spacing-left-medium:0px;--awb-width-small:100%;--awb-spacing-right-small:0px;--awb-spacing-left-small:0px;\"><div class=\"fusion-column-wrapper fusion-flex-justify-content-flex-start fusion-content-layout-column\"><div class=\"fusion-text fusion-text-1\"><h1 class=\"fusion-responsive-typography-calculated\" style=\"--fontsize: 46; line-height: 1.11;\" data-fontsize=\"46\" data-lineheight=\"51.0667px\">Mentions L\u00e9gales<\/h1>\n<p>Le site accessible \u00e0 l\u2019adresse www.hoteltamudabeach.com (ci-apr\u00e8s d\u00e9nomm\u00e9 \u00ab site \u00bb) est destin\u00e9 \u00e0 l'information personnelle des internautes qui l\u2019utilisent. L\u2019acc\u00e8s et l'utilisation de ce site sont soumis aux pr\u00e9sentes \u00ab Mentions l\u00e9gales \u00bb d\u00e9taill\u00e9es ci- apr\u00e8s ainsi qu'aux lois et\/ou r\u00e8glements applicables. La connexion et l'acc\u00e8s \u00e0 ce site impliquent l'acceptation int\u00e9grale et sans r\u00e9serve de l'internaute de toutes les dispositions des pr\u00e9sentes mentions l\u00e9gales.<br \/>\nLa soci\u00e9t\u00e9 propri\u00e9taire du site se r\u00e9serve le droit de modifier et de mettre \u00e0 jour, sans pr\u00e9avis, les pr\u00e9sentes mentions l\u00e9gales et tous les \u00e9l\u00e9ments ou services pr\u00e9sent\u00e9s sur le site. L'ensemble de ces modifications s'impose aux internautes qui doivent consulter les pr\u00e9sentes mentions l\u00e9gales li\u00e9es au site.<br \/>\nLes pr\u00e9sentes mentions l\u00e9gales sont soumises au droit Marocain.<\/p>\n<h3 class=\"fusion-responsive-typography-calculated\" style=\"--fontsize: 24; line-height: 1.67;\" data-fontsize=\"24\" data-lineheight=\"40.0833px\">Publication<\/h3>\n<p>Le site : www.hoteltamudabeach.com est publi\u00e9 par la soci\u00e9t\u00e9 Tamuda Sky SARL, situ\u00e9e \u00e0 Route de Ceuta - R\u00e9sidence \"Les Jardins de Marjane\" 1er \u00e9tage (en face de Marjane) T\u00e9touan, 93000, Maroc, de droit Marocain, immatricul\u00e9e au RC 19059.<\/p>\n<ul>\n<li>Adresse e-mail de contact : contact@hoteltamudabeach.com.<\/li>\n<li>Adresse de l'H\u00f4tel Tamuda Beach : B.P. 696, Route de Sebta Km 13, Kabila, M'diq 93200, Maroc.<\/li>\n<li>Num\u00e9ro de t\u00e9l\u00e9phone : <a href=\"tel:+212 539 666 969\">+212539 666 969<\/a> \/ <a href=\"tel:+212 539 666 464\">+212 539 666 464<\/a><\/li>\n<li>Num\u00e9ro de fax : +212 539 666 226<\/li>\n<\/ul>\n<h3 class=\"fusion-responsive-typography-calculated\" style=\"--fontsize: 24; line-height: 1.67;\" data-fontsize=\"24\" data-lineheight=\"40.0833px\">Droits de propri\u00e9t\u00e9 intellectuelle<\/h3>\n<p>Tamuda Sky SARL avise les utilisateurs de ce site que de nombreux \u00e9l\u00e9ments de celui-ci :<\/p>\n<ol>\n<li>Sont prot\u00e9g\u00e9s par la l\u00e9gislation sur le droit d'auteur : ce peut \u00eatre notamment des photographies, des articles, des dessins, des s\u00e9quences anim\u00e9es, des enregistrements au format audio ou vid\u00e9o num\u00e9riques,...<\/li>\n<li>Et\/ou sont prot\u00e9g\u00e9s par la l\u00e9gislation sur les dessins et mod\u00e8les<\/li>\n<li>Sont prot\u00e9g\u00e9s par la l\u00e9gislation sur les marques : ce sont notamment la marque, le logo, apparaissant sur le site. Les \u00e9l\u00e9ments ainsi prot\u00e9g\u00e9s sont la propri\u00e9t\u00e9 de Tamuda Sky SARL.<\/li>\n<\/ol>\n<p>A ce titre, toute reproduction, repr\u00e9sentation, utilisation, adaptation, modification, incorporation, traduction, commercialisation, partielles ou int\u00e9grales par quelque proc\u00e9d\u00e9 et sur quelque support que ce soit (papier, num\u00e9rique, \u2026) est interdite, sans l'autorisation \u00e9crite pr\u00e9alable de Tamuda Sky SARL.<br \/>\nLes photos, information, marques et logos affich\u00e9s sur ce site sont la propri\u00e9t\u00e9 respective de la soci\u00e9t\u00e9 les exploitant, et ne peuvent \u00eatre exploit\u00e9s sans l\u2019accord pr\u00e9alable et \u00e9crit de Tamuda Sky SARL. Ces marques incluant mais ne se limitant pas n\u00e9cessairement \u00e0 tout contenu non nomm\u00e9ment identifi\u00e9 dans les pr\u00e9sentes mentions l\u00e9gales.<\/p>\n<h3 class=\"fusion-responsive-typography-calculated\" style=\"--fontsize: 24; line-height: 1.67;\" data-fontsize=\"24\" data-lineheight=\"40.0833px\">Modalit\u00e9s d\u2019\u00e9change de donn\u00e9es d'information<\/h3>\n<p>L'\u00e9change de donn\u00e9es d'information est r\u00e9serv\u00e9 exclusivement aux personnes physiques majeures.<br \/>\nDans l'hypoth\u00e8se o\u00f9 l'utilisateur fournirait des informations fausses, inexactes, p\u00e9rim\u00e9es, incompl\u00e8tes, trompeuses ou de nature \u00e0 induire en erreur, Tamuda Sky SARL pourra, imm\u00e9diatement, sans pr\u00e9avis ni indemnit\u00e9, suspendre ou r\u00e9silier le compte personnel de l'utilisateur et lui refuser l'acc\u00e8s, de fa\u00e7on temporaire ou d\u00e9finitive \u00e0 tout ou partie des services.<\/p>\n<h3 class=\"fusion-responsive-typography-calculated\" style=\"--fontsize: 24; line-height: 1.67;\" data-fontsize=\"24\" data-lineheight=\"40.0833px\">Gestion des codes PIN<\/h3>\n<p>Tamuda Sky SARL met \u00e0 votre disposition sur ce site internet diff\u00e9rent espaces vous permettant d'avoir acc\u00e8s \u00e0 des services privil\u00e9gi\u00e9s. Pour acc\u00e9der \u00e0 vos r\u00e9servations, vous devez saisir un code PIN. Ce code PIN est strictement personnel et vous devez en assurer la confidentialit\u00e9. A ce titre, vous \u00eates responsable de toute utilisation de ce code PIN et Tamuda Sky SARL ne peut en aucun cas \u00eatre tenue responsable de toute perte ou dommage occasionn\u00e9 par l'utilisation de ces espaces et\/ou de ce PIN.<br \/>\nVous devez informer Tamuda Sky SARL de toute utilisation frauduleuse de votre code PIN ou espace et vous d\u00e9connecter apr\u00e8s chaque consultation du site.<br \/>\nCe code PIN peut \u00eatre utilis\u00e9 r\u00e9guli\u00e8rement apr\u00e8s chaque visite sur le site pour consulter l'historique de vos r\u00e9servations ou en faire une nouvelle.<\/p>\n<h3 class=\"fusion-responsive-typography-calculated\" style=\"--fontsize: 24; line-height: 1.67;\" data-fontsize=\"24\" data-lineheight=\"40.0833px\">Limitation de responsabilit\u00e9<\/h3>\n<p>Vous utilisez le site sous votre seule et enti\u00e8re responsabilit\u00e9. Tamuda Sky SARL ne pourra \u00eatre tenue pour responsable des dommages directs ou indirects, tels que, notamment, pr\u00e9judice mat\u00e9riel, pertes de donn\u00e9es ou de programme, pr\u00e9judice financier, r\u00e9sultant de l'utilisation de ce site ou de sites qui lui sont li\u00e9s.<\/p>\n<h3 class=\"fusion-responsive-typography-calculated\" style=\"--fontsize: 24; line-height: 1.67;\" data-fontsize=\"24\" data-lineheight=\"40.0833px\">Responsabilit\u00e9 de l\u2019utilisateur<\/h3>\n<p>Les utilisateurs du site s\u2019engagent \u00e0 respecter les pr\u00e9sentes mentions l\u00e9gales et \u00e0 utiliser le site sous leur responsabilit\u00e9. L\u2019utilisateur est r\u00e9put\u00e9 avoir accept\u00e9 les pr\u00e9sentes mentions l\u00e9gales du simple fait de la consultation du site. Toute consultation du site emporte l'acceptation des pr\u00e9sentes mentions l\u00e9gales dans leur derni\u00e8re version.<br \/>\nTamuda Sky SARL ne pourra \u00eatre tenue pour responsable des dommages r\u00e9sultant de l\u2019utilisation du site.<br \/>\nLes utilisateurs doivent notamment prot\u00e9ger leurs \u00e9quipements techniques contre toute forme de contamination par des virus et\/ou tentatives d\u2019intrusion, Tamuda Sky SARL ne pouvant \u00eatre tenue pour responsable dans ce cas.<\/p>\n<h3 class=\"fusion-responsive-typography-calculated\" style=\"--fontsize: 24; line-height: 1.67;\" data-fontsize=\"24\" data-lineheight=\"40.0833px\">Acc\u00e8s aux \u00e9l\u00e9ments<\/h3>\n<p>Les \u00e9l\u00e9ments du site sont accessibles par le r\u00e9seau Internet.<br \/>\nTous les co\u00fbts aff\u00e9rents \u00e0 l\u2019acc\u00e8s aux El\u00e9ments qu\u2019il s\u2019agisse des frais mat\u00e9riels, logiciels ou acc\u00e8s \u00e0 Internet, sont \u00e0 la charge de l\u2019utilisateur. L\u2019utilisateur est seul responsable du bon fonctionnement de son \u00e9quipement informatique ainsi que de son acc\u00e8s \u00e0 Internet.<br \/>\nL\u2019utilisateur d\u00e9clare accepter les caract\u00e9ristiques et les limites d\u2019internet et reconna\u00eet avoir connaissance de la nature du r\u00e9seau internet et, en particulier, de ses performances techniques, des temps de r\u00e9ponse pour consulter, interroger ou transf\u00e9rer des informations, et transmission sur internet. Tamuda Sky SARL met en \u0153uvre tous les moyens raisonnables \u00e0 sa disposition pour assurer un acc\u00e8s de qualit\u00e9 aux \u00e9l\u00e9ments, \u00e9tant pr\u00e9cis\u00e9 que Tamuda Sky SARL n\u2019est tenu \u00e0 aucune obligation de r\u00e9sultat d\u2019y parvenir.<\/p>\n<h3 class=\"fusion-responsive-typography-calculated\" style=\"--fontsize: 24; line-height: 1.67;\" data-fontsize=\"24\" data-lineheight=\"40.0833px\">Droit applicable et juridiction comp\u00e9tente<\/h3>\n<p>Le site et les pr\u00e9sentes mentions l\u00e9gales sont soumis au droit Marocain.<\/p>\n<\/div><\/div><\/div><\/div><\/div><div class=\"fusion-bg-parallax\" data-bg-align=\"left top\" data-direction=\"up\" data-mute=\"false\" data-opacity=\"100\" data-velocity=\"-0.3\" data-mobile-enabled=\"false\" data-break_parents=\"0\" data-bg-image=\"https:\/\/www.hoteltamudabeach.com\/wp-content\/uploads\/2020\/09\/background-book-now.jpg\" data-bg-repeat=\"false\" ><\/div><div class=\"fusion-fullwidth fullwidth-box fusion-builder-row-2 fusion-flex-container fusion-parallax-up nonhundred-percent-fullwidth non-hundred-percent-height-scrolling\" style=\"--awb-background-position:left top;--awb-border-sizes-top:0px;--awb-border-sizes-bottom:0px;--awb-border-sizes-left:0px;--awb-border-sizes-right:0px;--awb-border-radius-top-left:0px;--awb-border-radius-top-right:0px;--awb-border-radius-bottom-right:0px;--awb-border-radius-bottom-left:0px;--awb-padding-top:100px;--awb-padding-bottom:100px;--awb-padding-top-small:70px;--awb-padding-bottom-small:40px;--awb-background-image:url(&quot;https:\/\/www.hoteltamudabeach.com\/wp-content\/uploads\/2020\/09\/background-book-now.jpg&quot;);--awb-background-size:cover;--awb-flex-wrap:wrap;\" ><div class=\"fusion-builder-row fusion-row fusion-flex-align-items-flex-start fusion-flex-content-wrap\" style=\"max-width:1248px;margin-left: calc(-4% \/ 2 );margin-right: calc(-4% \/ 2 );\"><div class=\"fusion-layout-column fusion_builder_column fusion-builder-column-1 fusion_builder_column_1_6 1_6 fusion-flex-column fusion-no-small-visibility\" style=\"--awb-padding-top:10%;--awb-padding-right:10%;--awb-padding-bottom:10%;--awb-padding-left:10%;--awb-bg-size:cover;--awb-width-large:16.666666666667%;--awb-margin-top-large:0px;--awb-spacing-right-large:11.52%;--awb-margin-bottom-large:20px;--awb-spacing-left-large:11.52%;--awb-width-medium:16.666666666667%;--awb-spacing-right-medium:11.52%;--awb-spacing-left-medium:11.52%;--awb-width-small:100%;--awb-spacing-right-small:1.92%;--awb-spacing-left-small:1.92%;\"><div class=\"fusion-column-wrapper fusion-flex-justify-content-flex-start fusion-content-layout-column\"><\/div><\/div><div class=\"fusion-layout-column fusion_builder_column fusion-builder-column-2 fusion_builder_column_2_3 2_3 fusion-flex-column\" style=\"--awb-padding-top:5%;--awb-padding-right:5%;--awb-padding-bottom:5%;--awb-padding-left:5%;--awb-bg-color:rgba(255,255,255,.7);--awb-bg-color-hover:rgba(255,255,255,.7);--awb-bg-size:cover;--awb-width-large:66.666666666667%;--awb-margin-top-large:0px;--awb-spacing-right-large:2.88%;--awb-margin-bottom-large:20px;--awb-spacing-left-large:2.88%;--awb-width-medium:66.666666666667%;--awb-spacing-right-medium:2.88%;--awb-spacing-left-medium:2.88%;--awb-width-small:100%;--awb-spacing-right-small:1.92%;--awb-spacing-left-small:1.92%;\"><div class=\"fusion-column-wrapper fusion-flex-justify-content-flex-start fusion-content-layout-column\"><div class=\"fusion-title title fusion-title-1 fusion-sep-none fusion-title-center fusion-title-text fusion-title-size-two\" style=\"--awb-margin-bottom:0px;--awb-margin-top-small:10px;--awb-margin-right-small:0px;--awb-margin-bottom-small:0px;--awb-margin-left-small:0px;--awb-font-size:13px;\"><h2 class=\"fusion-title-heading title-heading-center fusion-responsive-typography-calculated\" style=\"font-family:&quot;Questrial&quot;;margin:0;letter-spacing:4px;font-size:1em;--fontSize:13;--minFontSize:13;line-height:1.69;\">MEILLEUR TARIF GARANTI<\/h2><\/div><div class=\"fusion-title title fusion-title-2 fusion-sep-none fusion-title-center fusion-title-text fusion-title-size-three\" style=\"--awb-margin-top-small:10px;--awb-margin-right-small:0px;--awb-margin-bottom-small:15px;--awb-margin-left-small:0px;--awb-font-size:46px;\"><h3 class=\"fusion-title-heading title-heading-center fusion-responsive-typography-calculated\" style=\"margin:0;font-size:1em;--fontSize:46;line-height:1.67;\">R\u00e9servez votre prochain s\u00e9jour !<\/h3><\/div><div class=\"fusion-separator\" style=\"align-self: center;margin-left: auto;margin-right: auto;margin-top:0px;margin-bottom:20px;width:100%;max-width:50px;\"><div class=\"fusion-separator-border sep-single sep-solid\" style=\"--awb-height:20px;--awb-amount:20px;--awb-sep-color:#cbaa5c;border-color:#cbaa5c;border-top-width:1px;\"><\/div><\/div><div class=\"fusion-separator fusion-full-width-sep\" style=\"align-self: center;margin-left: auto;margin-right: auto;margin-top:12px;width:100%;\"><\/div><div style=\"text-align:center;\"><a class=\"fusion-button button-flat fusion-button-default-size button-default fusion-button-default button-1 fusion-button-default-span \" style=\"--button-border-radius-top-left:0;--button-border-radius-top-right:0;--button-border-radius-bottom-right:0;--button-border-radius-bottom-left:0;\" target=\"_self\" href=\"https:\/\/www.hoteltamudabeach.com\/fr\/disponibilites\/\"><span class=\"fusion-button-text awb-button__text awb-button__text--default\">r\u00e9server<\/span><\/a><\/div><\/div><\/div><div class=\"fusion-layout-column fusion_builder_column fusion-builder-column-3 fusion_builder_column_1_6 1_6 fusion-flex-column fusion-no-small-visibility\" style=\"--awb-padding-top:10%;--awb-padding-right:10%;--awb-padding-bottom:10%;--awb-padding-left:10%;--awb-bg-size:cover;--awb-width-large:16.666666666667%;--awb-margin-top-large:0px;--awb-spacing-right-large:11.52%;--awb-margin-bottom-large:20px;--awb-spacing-left-large:11.52%;--awb-width-medium:16.666666666667%;--awb-spacing-right-medium:11.52%;--awb-spacing-left-medium:11.52%;--awb-width-small:100%;--awb-spacing-right-small:1.92%;--awb-spacing-left-small:1.92%;\"><div class=\"fusion-column-wrapper fusion-flex-justify-content-flex-start fusion-content-layout-column\"><\/div><\/div><\/div><\/div><\/p>\n","protected":false},"excerpt":{"rendered":"","protected":false},"author":1,"featured_media":0,"parent":0,"menu_order":0,"comment_status":"open","ping_status":"open","template":"100-width.php","meta":{"footnotes":""},"class_list":["post-2302","page","type-page","status-publish","hentry"],"_links":{"self":[{"href":"https:\/\/www.hoteltamudabeach.com\/fr\/wp-json\/wp\/v2\/pages\/2302","targetHints":{"allow":["GET"]}}],"collection":[{"href":"https:\/\/www.hoteltamudabeach.com\/fr\/wp-json\/wp\/v2\/pages"}],"about":[{"href":"https:\/\/www.hoteltamudabeach.com\/fr\/wp-json\/wp\/v2\/types\/page"}],"author":[{"embeddable":true,"href":"https:\/\/www.hoteltamudabeach.com\/fr\/wp-json\/wp\/v2\/users\/1"}],"replies":[{"embeddable":true,"href":"https:\/\/www.hoteltamudabeach.com\/fr\/wp-json\/wp\/v2\/comments?post=2302"}],"version-history":[{"count":8,"href":"https:\/\/www.hoteltamudabeach.com\/fr\/wp-json\/wp\/v2\/pages\/2302\/revisions"}],"predecessor-version":[{"id":8404,"href":"https:\/\/www.hoteltamudabeach.com\/fr\/wp-json\/wp\/v2\/pages\/2302\/revisions\/8404"}],"wp:attachment":[{"href":"https:\/\/www.hoteltamudabeach.com\/fr\/wp-json\/wp\/v2\/media?parent=2302"}],"curies":[{"name":"wp","href":"https:\/\/api.w.org\/{rel}","templated":true}]}}