{"id":5742,"date":"2021-02-26T14:30:41","date_gmt":"2021-02-26T13:30:41","guid":{"rendered":"https:\/\/www.hoteltamudabeach.ma\/wp\/condiciones-de-reserva\/"},"modified":"2021-12-07T17:16:57","modified_gmt":"2021-12-07T16:16:57","slug":"condiciones-de-reserva","status":"publish","type":"page","link":"https:\/\/www.hoteltamudabeach.com\/es\/condiciones-de-reserva\/","title":{"rendered":"Condiciones de Reserva"},"content":{"rendered":"<div class=\"fusion-fullwidth fullwidth-box fusion-builder-row-1 fusion-flex-container nonhundred-percent-fullwidth non-hundred-percent-height-scrolling\" style=\"--awb-background-position:left top;--awb-border-sizes-top:0px;--awb-border-sizes-bottom:0px;--awb-border-sizes-left:0px;--awb-border-sizes-right:0px;--awb-border-radius-top-left:0px;--awb-border-radius-top-right:0px;--awb-border-radius-bottom-right:0px;--awb-border-radius-bottom-left:0px;--awb-padding-top:20px;--awb-padding-bottom:95px;--awb-flex-wrap:wrap;\" ><div class=\"fusion-builder-row fusion-row fusion-flex-align-items-flex-start fusion-flex-content-wrap\" style=\"max-width:calc( 1200px + 0px );margin-left: calc(-0px \/ 2 );margin-right: calc(-0px \/ 2 );\"><div class=\"fusion-layout-column fusion_builder_column fusion-builder-column-0 fusion_builder_column_1_1 1_1 fusion-flex-column fusion-flex-align-self-flex-start fusion-column-no-min-height\" style=\"--awb-bg-size:cover;--awb-width-large:100%;--awb-margin-top-large:0px;--awb-spacing-right-large:0px;--awb-margin-bottom-large:0px;--awb-spacing-left-large:0px;--awb-width-medium:100%;--awb-spacing-right-medium:0px;--awb-spacing-left-medium:0px;--awb-width-small:100%;--awb-spacing-right-small:0px;--awb-spacing-left-small:0px;\"><div class=\"fusion-column-wrapper fusion-flex-justify-content-flex-start fusion-content-layout-column\"><div class=\"fusion-widget-area awb-widget-area-element fusion-widget-area-1 fusion-content-widget-area\" style=\"--awb-title-size:22px;--awb-title-color:#171717;--awb-padding:0px 0px 0px 0px;\"><div id=\"icl_lang_sel_widget-7\" class=\"widget widget_icl_lang_sel_widget\">\n<div\n\t role=\"navigation\" aria-label=\"Selector de idioma\" class=\"wpml-ls-sidebars-avada-custom-sidebar-languageselector wpml-ls wpml-ls-legacy-dropdown js-wpml-ls-legacy-dropdown\">\n\t<ul>\n\t\t<li class=\"wpml-ls-slot-avada-custom-sidebar-languageselector wpml-ls-item wpml-ls-item-es wpml-ls-current-language wpml-ls-last-item wpml-ls-item-legacy-dropdown\">\n\t\t\t<a href=\"#\" hreflang=\"\" lang=\"\" class=\"js-wpml-ls-item-toggle wpml-ls-item-toggle\" aria-current=\"page\" aria-expanded=\"false\" aria-controls=\"wpml-ls-submenu-default\" aria-label=\"Selector de idioma, pulse tab para navegar a otros idiomas\" title=\"Cambiar a Espa\u00f1ol (Espa\u00f1ol)\">\n\t\t\t\t                                    <img decoding=\"async\"\n            class=\"wpml-ls-flag\"\n            src=\"https:\/\/www.hoteltamudabeach.com\/wp-content\/plugins\/sitepress-multilingual-cms\/res\/flags\/es.png\"\n            alt=\"\"\n            loading=\"lazy\"\n            width=18\n            height=12\n    \/><span class=\"wpml-ls-native\">Espa\u00f1ol<\/span><\/a>\n\n\t\t\t<ul id=\"wpml-ls-submenu-default\" class=\"wpml-ls-sub-menu\">\n\t\t\t\t\n\t\t\t\t\t<li class=\"wpml-ls-slot-avada-custom-sidebar-languageselector wpml-ls-item wpml-ls-item-fr wpml-ls-first-item\">\n\t\t\t\t\t\t<a href=\"https:\/\/www.hoteltamudabeach.com\/fr\/\" hreflang=\"fr\" lang=\"fr\" class=\"wpml-ls-link\" aria-label=\"Cambiar a Franc\u00e9s (Fran\u00e7ais)\" title=\"Cambiar a Franc\u00e9s (Fran\u00e7ais)\">\n\t\t\t\t\t\t\t                                    <img decoding=\"async\"\n            class=\"wpml-ls-flag\"\n            src=\"https:\/\/www.hoteltamudabeach.com\/wp-content\/plugins\/sitepress-multilingual-cms\/res\/flags\/fr.png\"\n            alt=\"\"\n            loading=\"lazy\"\n            width=18\n            height=12\n    \/><span class=\"wpml-ls-native\">Fran\u00e7ais<\/span><span class=\"wpml-ls-display\"><span class=\"wpml-ls-bracket\">(<\/span>Franc\u00e9s<span class=\"wpml-ls-bracket\">)<\/span><\/span><\/a>\n\t\t\t\t\t<\/li>\n\n\t\t\t\t\n\t\t\t\t\t<li class=\"wpml-ls-slot-avada-custom-sidebar-languageselector wpml-ls-item wpml-ls-item-en\">\n\t\t\t\t\t\t<a href=\"https:\/\/www.hoteltamudabeach.com\/en\/\" hreflang=\"en\" lang=\"en\" class=\"wpml-ls-link\" aria-label=\"Cambiar a Ingl\u00e9s (English)\" title=\"Cambiar a Ingl\u00e9s (English)\">\n\t\t\t\t\t\t\t                                    <img decoding=\"async\"\n            class=\"wpml-ls-flag\"\n            src=\"https:\/\/www.hoteltamudabeach.com\/wp-content\/plugins\/sitepress-multilingual-cms\/res\/flags\/en.png\"\n            alt=\"\"\n            loading=\"lazy\"\n            width=18\n            height=12\n    \/><span class=\"wpml-ls-native\">English<\/span><span class=\"wpml-ls-display\"><span class=\"wpml-ls-bracket\">(<\/span>Ingl\u00e9s<span class=\"wpml-ls-bracket\">)<\/span><\/span><\/a>\n\t\t\t\t\t<\/li>\n\n\t\t\t\t\n\t\t\t\t\t<li class=\"wpml-ls-slot-avada-custom-sidebar-languageselector wpml-ls-item wpml-ls-item-ar\">\n\t\t\t\t\t\t<a href=\"https:\/\/www.hoteltamudabeach.com\/ar\/\" hreflang=\"ar\" lang=\"ar\" class=\"wpml-ls-link\" aria-label=\"Cambiar a \u00c1rabe (\u0627\u0644\u0639\u0631\u0628\u064a\u0629)\" title=\"Cambiar a \u00c1rabe (\u0627\u0644\u0639\u0631\u0628\u064a\u0629)\">\n\t\t\t\t\t\t\t                                    <img decoding=\"async\"\n            class=\"wpml-ls-flag\"\n            src=\"https:\/\/www.hoteltamudabeach.com\/wp-content\/plugins\/sitepress-multilingual-cms\/res\/flags\/ar.png\"\n            alt=\"\"\n            loading=\"lazy\"\n            width=18\n            height=12\n    \/><span class=\"wpml-ls-native\">\u0627\u0644\u0639\u0631\u0628\u064a\u0629<\/span><span class=\"wpml-ls-display\"><span class=\"wpml-ls-bracket\">(<\/span>\u00c1rabe<span class=\"wpml-ls-bracket\">)<\/span><\/span><\/a>\n\t\t\t\t\t<\/li>\n\n\t\t\t\t\t\t\t<\/ul>\n\n\t\t<\/li>\n\n\t<\/ul>\n<\/div>\n<\/div><div class=\"fusion-additional-widget-content\"><\/div><\/div><div class=\"fusion-text fusion-text-1\"><h1><strong>CONDICIONES DE RESERVA<\/strong><\/h1>\n<p>&nbsp;<\/p>\n<h2><strong>Condiciones de reserva, cancelaci\u00f3n o modificaci\u00f3n de reservas online en el sitio <a href=\"http:\/\/www.hoteltamudabeach.com\">www.hoteltamudabeach.com<\/a><\/strong><\/h2>\n<p>Estas condiciones generales de reserva del cliente se aplican a las Reservas realizadas directamente en nuestro sitio web www.hoteltamudabeach.com.<\/p>\n<h3><strong>Condiciones para cancelar su reserva<\/strong> <strong>o<\/strong> <strong>no presentarse<\/strong><strong>:<\/strong><\/h3>\n<ul>\n<li><strong><em>Tarifa No Reembolsable<\/em><\/strong>: el importe total se cargar\u00e1 al hacer la reserva y no se reembolsar\u00e1 en caso de cancelaci\u00f3n o no presentaci\u00f3n.<\/li>\n<li><strong><em>Tarifa flexible<\/em><\/strong><strong>:<\/strong> cancelaci\u00f3n gratuita hasta 15 d\u00edas antes de la fecha de llegada, el Tamuda Beach Hotel reembolsar\u00e1 el monto del dep\u00f3sito menos los cargos bancarios.<\/li>\n<li><strong><em>Tarif Standard<\/em><\/strong>: Tarifa est\u00e1ndar: El cliente puede cancelar su reserva de forma gratuita 24 horas antes de la fecha de llegada. el hotel Tamuda Beach reembolsar\u00e1 el importe del dep\u00f3sito menos los gastos bancarios.<\/li>\n<\/ul>\n<h3><strong>Condiciones para modificar su reserva<\/strong><strong>:<\/strong><\/h3>\n<ul>\n<li><strong>Tarifa No Reembolsable:<\/strong>\n<ul>\n<li>No se pueden realizar modificaci\u00f3n para las reservas con <strong><em>tarifa no reembolsable.<\/em><\/strong><\/li>\n<\/ul>\n<\/li>\n<li><strong>Tarifa flexible:<\/strong>\n<ul>\n<li>Cualquier modificaci\u00f3n de reserva con<strong><em>la tarifa Flexible<\/em><\/strong> <strong>es<\/strong>posible sin cargo: 15 d\u00edas antes de la llegada del cliente, y con el acuerdo previo del departamento de reservas del hotel Tamuda Beach, seg\u00fan el horario de disponibilidad.<\/li>\n<li>En el caso de que no sea posible un cambio, deber\u00e1 respetar la reserva original o cumplir con las condiciones de cancelaci\u00f3n.<\/li>\n<\/ul>\n<\/li>\n<li><strong>Tarifa est\u00e1ndar:<\/strong>\n<ul>\n<li>Cualquier modificaci\u00f3n de una reserva con <strong><em>la tarifa Est\u00e1ndar<\/em><\/strong> es posible sin cargo 24 horas antes de la llegada del cliente, y con el acuerdo previo del departamento de reservas del hotel Tamuda Beach, seg\u00fan el horario de disponibilidad.<\/li>\n<li>En el caso de que no sea posible un cambio, deber\u00e1 respetar la reserva original o cumplir con las condiciones de cancelaci\u00f3n.<\/li>\n<\/ul>\n<\/li>\n<\/ul>\n<h3><strong>Salidas anticipadas:<\/strong><\/h3>\n<ul>\n<li>Para cualquier salida anticipada, las noches restantes correr\u00e1n a su cargo.<\/li>\n<\/ul>\n<h3><strong>Pr\u00f3rroga de estancia:<\/strong><\/h3>\n<ul>\n<li>Para extender su estad\u00eda, es necesaria una reservaci\u00f3n adicional, sujeta a disponibilidad y cambios de tarifas y sujeta a <a href=\"https:\/\/www.hoteltamudabeach.com\/es\/terminos-y-condiciones\/#sec23\" target=\"_blank\" rel=\"noopener\">las condiciones de reservaci\u00f3n por tel\u00e9fono, correo electr\u00f3nico o en el hotel.<\/a><\/li>\n<li>No garantizamos que los mismos precios estar\u00e1n disponibles en caso de una extensi\u00f3n de su estad\u00eda. Le recomendamos que reserve todas sus noches con anticipaci\u00f3n para evitar cambios de precio o no disponibilidad.<\/li>\n<\/ul>\n<h3><strong>Impuestos, tarifas de servicio y extras<\/strong><strong>:<\/strong><\/h3>\n<ul>\n<li>Incluye 10% de IVA y 18 MAD impuestos locales por persona y noche.<\/li>\n<li>Para evitar esperas el d\u00eda de su salida, le aconsejamos que abone su factura extra y cualquier consumo impago durante su estancia o el d\u00eda anterior en recepci\u00f3n.<\/li>\n<\/ul>\n<h3><strong>Horarios de llegada y salida:<\/strong><\/h3>\n<ul>\n<li>Hora de llegada: a partir de las 14:00.\n<ul>\n<li>Si llega antes, puede dejar su equipaje en la taquilla del hotel.<\/li>\n<li>Si planea llegar despu\u00e9s de las 21:00, debe mencionarlo al hacer su reserva. o contactarse con la recepci\u00f3n del hotel por tel\u00e9fono.<\/li>\n<li>Pres\u00e9ntese con un documento de identidad o pasaporte, su n\u00famero de reserva y el certificado de matrimonio si son pareja, complete y firme el formulario de la polic\u00eda.<\/li>\n<\/ul>\n<\/li>\n<li>Hora de salida: la habitaci\u00f3n debe quedar libre antes de las 12 del mediod\u00eda. Si necesita la habitaci\u00f3n por unas horas m\u00e1s, podemos ofrecerle un check-out tard\u00edo.<\/li>\n<li>Se aplicar\u00e1 un cargo de 100 MAD por cada hora adicional en caso de salida tard\u00eda<\/li>\n<\/ul>\n<h3><strong>Ni\u00f1os y camas supletorias:<\/strong><\/h3>\n<ul>\n<li>Todos los ni\u00f1os son bienvenidos.<\/li>\n<li>Hay cunas disponibles bajo petici\u00f3n y se facturan 100 MAD por noche.<\/li>\n<li>Hay camas supletorias disponibles por un suplemento de 200 Dhs por noche. Esto no incluye desayuno e impuestos (a facturar por separado).<\/li>\n<li>El n\u00famero m\u00e1ximo de camas supletorias en una habitaci\u00f3n est\u00e1ndar o superior es 1. No se pueden a\u00f1adir camas supletorias en las habitaciones individuales, familiares y suite senior.<\/li>\n<\/ul>\n<ul>\n<li>Todas las cunas y camas supletorias est\u00e1n sujetas a disponibilidad.<\/li>\n<\/ul>\n<h3><strong>Tabaco:<\/strong><\/h3>\n<ul>\n<li>Nuestras habitaciones son para no fumadores.<\/li>\n<li>Hay un n\u00famero limitado de habitaciones para fumadores disponibles. Si desea alojarse en una habitaci\u00f3n para fumadores, av\u00edsenos cuando haga su reserva.<\/li>\n<li>Est\u00e1 estrictamente prohibido fumar en las habitaciones para no fumadores, los pasillos, el hall de recepci\u00f3n y los distintos puntos de venta.<\/li>\n<li>Si lo desea, puede fumar en las \u00e1reas dedicadas: habitaciones para fumadores, \u00e1rea para fumadores fuera de la entrada principal del hotel y las dos terrazas Caf\u00e9-Snack.<\/li>\n<li>Si fuma en una habitaci\u00f3n para no fumadores, se ver\u00e1 obligado a pagar el coste de la limpieza completa de la habitaci\u00f3n que es de 5000 MAD.<\/li>\n<\/ul>\n<h3><strong>Discapacidades y problemas m\u00e9dicos:<\/strong><\/h3>\n<ul>\n<li>Si usted o alg\u00fan miembro de su familia padece (z) alguna discapacidad o alg\u00fan problema m\u00e9dico que pueda afectar su estad\u00eda en nuestro hotel, es obligatorio especificarlo y contactarnos antes de confirmar su reserva para que podamos informarle si el seleccionado La habitaci\u00f3n est\u00e1 disponible y es adecuada para su situaci\u00f3n.<\/li>\n<\/ul>\n<h3><strong>Comprobante de transacciones pagadas con tarjeta de cr\u00e9dito<\/strong><\/h3>\n<ul>\n<li>Los datos registrados por CMI en la plataforma CMI en nombre de Tamuda Sky SARL (empresa gestora del hotel Tamuda Beach) constituyen una prueba de todas las transacciones comerciales entre usted y la empresa Tamuda Sky SARL.<\/li>\n<\/ul>\n<h3><strong>Asegurar las transacciones y los datos de su tarjeta bancaria:<\/strong><\/h3>\n<ul>\n<li>Despu\u00e9s de la validaci\u00f3n de su solicitud de reserva en nuestro sitio, se le dirigir\u00e1 a una p\u00e1gina de pago segura de CMI (Centre mon\u00e9tique Interbancaire).<\/li>\n<li>El procesamiento, almacenamiento y transmisi\u00f3n de datos y transacciones son manejados por el CMI, no tenemos acceso ni control a su informaci\u00f3n.<\/li>\n<li>El servicio de pago online de CMI permite a todos los titulares de tarjetas Visa, MasterCard o CMI realizar sus pagos online en \u00f3ptimas condiciones de sencillez, seguridad y rapidez.<\/li>\n<li>El servicio de pago en l\u00ednea de CMI le brinda una seguridad \u00f3ptima desde su plataforma de pago:<\/li>\n<\/ul>\n<ul>\n<li style=\"list-style-type: none;\">\n<ul>\n<li>Beneficios de la certificaci\u00f3n Est\u00e1ndar de seguridad de datos de la industria de tarjetas de pago (PCI-DSS), un est\u00e1ndar de seguridad que garantiza el procesamiento, almacenamiento y transmisi\u00f3n de los datos del titular de la tarjeta.<\/li>\n<li>Funciona seg\u00fan el protocolo Secure Socket Layer (SSL) que cifra los n\u00fameros de tarjetas bancarias, reconocido mundialmente por la protecci\u00f3n de los datos transmitidos a trav\u00e9s de Internet.<\/li>\n<li>Permite una autenticaci\u00f3n s\u00f3lida (3D Secure, un sistema para asegurar los pagos en l\u00ednea que solo se validan despu\u00e9s de que el cliente se haya autenticado ingresando una contrase\u00f1a enviada por SMS).<\/li>\n<\/ul>\n<\/li>\n<\/ul>\n<ul>\n<li>Hotel Tamuda Beach se compromete a respetar la seguridad de todos sus datos personales.<u><a href=\"https:\/\/www.hoteltamudabeach.com\/es\/politica-de-privacidad\/\" target=\"_blank\" rel=\"noopener\">(Lea nuestra pol\u00edtica de privacidad)<\/a>.<\/u><\/li>\n<\/ul>\n<h3><strong>Modificaci\u00f3n de las condiciones de reserva:<\/strong><\/h3>\n<p>Podemos modificar y \/ o complementar estas condiciones de reserva en cualquier momento. En tal caso, cargaremos la nueva versi\u00f3n de las condiciones de reserva, que se aplicar\u00e1 con efecto inmediato a todos los clientes.<\/p>\n<\/div><\/div><\/div><\/div><\/div>\n","protected":false},"excerpt":{"rendered":"","protected":false},"author":1,"featured_media":0,"parent":0,"menu_order":0,"comment_status":"open","ping_status":"open","template":"blank.php","meta":{"footnotes":""},"class_list":["post-5742","page","type-page","status-publish","hentry"],"_links":{"self":[{"href":"https:\/\/www.hoteltamudabeach.com\/es\/wp-json\/wp\/v2\/pages\/5742","targetHints":{"allow":["GET"]}}],"collection":[{"href":"https:\/\/www.hoteltamudabeach.com\/es\/wp-json\/wp\/v2\/pages"}],"about":[{"href":"https:\/\/www.hoteltamudabeach.com\/es\/wp-json\/wp\/v2\/types\/page"}],"author":[{"embeddable":true,"href":"https:\/\/www.hoteltamudabeach.com\/es\/wp-json\/wp\/v2\/users\/1"}],"replies":[{"embeddable":true,"href":"https:\/\/www.hoteltamudabeach.com\/es\/wp-json\/wp\/v2\/comments?post=5742"}],"version-history":[{"count":61,"href":"https:\/\/www.hoteltamudabeach.com\/es\/wp-json\/wp\/v2\/pages\/5742\/revisions"}],"predecessor-version":[{"id":8390,"href":"https:\/\/www.hoteltamudabeach.com\/es\/wp-json\/wp\/v2\/pages\/5742\/revisions\/8390"}],"wp:attachment":[{"href":"https:\/\/www.hoteltamudabeach.com\/es\/wp-json\/wp\/v2\/media?parent=5742"}],"curies":[{"name":"wp","href":"https:\/\/api.w.org\/{rel}","templated":true}]}}