{"id":5702,"date":"2021-02-26T12:57:15","date_gmt":"2021-02-26T11:57:15","guid":{"rendered":"https:\/\/www.hoteltamudabeach.ma\/wp\/politica-de-cookies\/"},"modified":"2021-12-07T17:53:11","modified_gmt":"2021-12-07T16:53:11","slug":"politica-de-cookies","status":"publish","type":"page","link":"https:\/\/www.hoteltamudabeach.com\/es\/politica-de-cookies\/","title":{"rendered":"Pol\u00edtica de Cookies"},"content":{"rendered":"<p><div class=\"fusion-fullwidth fullwidth-box fusion-builder-row-1 fusion-flex-container nonhundred-percent-fullwidth non-hundred-percent-height-scrolling\" style=\"--awb-background-position:left top;--awb-border-sizes-top:0px;--awb-border-sizes-bottom:0px;--awb-border-sizes-left:0px;--awb-border-sizes-right:0px;--awb-border-radius-top-left:0px;--awb-border-radius-top-right:0px;--awb-border-radius-bottom-right:0px;--awb-border-radius-bottom-left:0px;--awb-padding-top:20px;--awb-padding-bottom:95px;--awb-flex-wrap:wrap;\" ><div class=\"fusion-builder-row fusion-row fusion-flex-align-items-flex-start fusion-flex-content-wrap\" style=\"max-width:calc( 1200px + 0px );margin-left: calc(-0px \/ 2 );margin-right: calc(-0px \/ 2 );\"><div class=\"fusion-layout-column fusion_builder_column fusion-builder-column-0 fusion_builder_column_1_1 1_1 fusion-flex-column fusion-flex-align-self-flex-start fusion-column-no-min-height\" style=\"--awb-bg-size:cover;--awb-width-large:100%;--awb-margin-top-large:0px;--awb-spacing-right-large:0px;--awb-margin-bottom-large:0px;--awb-spacing-left-large:0px;--awb-width-medium:100%;--awb-spacing-right-medium:0px;--awb-spacing-left-medium:0px;--awb-width-small:100%;--awb-spacing-right-small:0px;--awb-spacing-left-small:0px;\"><div class=\"fusion-column-wrapper fusion-flex-justify-content-flex-start fusion-content-layout-column\"><div class=\"fusion-text fusion-text-1\"><h1 class=\"fusion-responsive-typography-calculated\" style=\"line-height: 1.1;\" data-fontsize=\"46\" data-lineheight=\"51.0667px\" data-fusion-font=\"true\">Pol\u00edtica de Cookies<\/h1>\n<p><span style=\"line-height: 1.1;\" data-fusion-font=\"true\">El sitio tiene un sistema de cookies. De esta forma se informa al usuario que durante sus visitas al sitio, las cookies pueden instalarse autom\u00e1ticamente en su navegador de Internet.<\/span><span style=\"line-height: 36px;\" data-fusion-font=\"true\"><span style=\"line-height: 1.1;\" data-fusion-font=\"true\"><br \/>\nLas cookies son archivos que se env\u00edan a los discos duros de los usuarios para facilitar su navegaci\u00f3n en el sitio y establecer estad\u00edsticas de tr\u00e1fico.<\/span><\/span><span style=\"line-height: 36px;\" data-fusion-font=\"true\"><span style=\"line-height: 1.1;\" data-fusion-font=\"true\"><br \/>\nEstas cookies no contienen informaci\u00f3n personal.<\/span><\/span><span style=\"line-height: 36px;\" data-fusion-font=\"true\"><span style=\"line-height: 1.1;\" data-fusion-font=\"true\"><br \/>\nEl usuario puede desactivar el env\u00edo de cookies modificando la configuraci\u00f3n de su navegador de Internet.<\/span><\/span><\/p>\n<h3 class=\"fusion-responsive-typography-calculated\" style=\"line-height: 1.67;\" data-fontsize=\"24\" data-lineheight=\"40.0833px\">\u00bfQu\u00e9 es una cookie?<\/h3>\n<p><span style=\"line-height: 32px;\" data-fusion-font=\"true\">Las cookies y otros rastreadores similares son paquetes de datos utilizados por los servidores para enviar informaci\u00f3n de estado al navegador de un usuario y devolver informaci\u00f3n de estado al servidor de origen a trav\u00e9s de ese mismo navegador.<\/span><span style=\"line-height: 36px;\" data-fusion-font=\"true\"><span style=\"line-height: 32px;\" data-fusion-font=\"true\"><br \/>\nLa informaci\u00f3n puede ser un ID de sesi\u00f3n, idioma, fecha de vencimiento, campo de respuesta u otro tipo de informaci\u00f3n.<\/span><\/span><span style=\"line-height: 36px;\" data-fusion-font=\"true\"><span style=\"line-height: 32px;\" data-fusion-font=\"true\"><br \/>\nEstos rastreadores pueden instalarse en su dispositivo en funci\u00f3n de las preferencias que haya expresado o que pueda expresar en cualquier momento de acuerdo con esta pol\u00edtica.<\/span><\/span><span style=\"line-height: 36px;\" data-fusion-font=\"true\"><span style=\"line-height: 32px;\" data-fusion-font=\"true\"><br \/>\nDurante su per\u00edodo de validez, las cookies se utilizan para almacenar informaci\u00f3n de estado cuando un navegador accede a varias p\u00e1ginas de un sitio web o cuando el navegador vuelve a ese sitio web en un momento posterior.<\/span><\/span><span style=\"line-height: 36px;\" data-fusion-font=\"true\"><span style=\"line-height: 32px;\" data-fusion-font=\"true\"><br \/>\nExisten diferentes tipos de cookies:<\/span><\/span><\/p>\n<ul>\n<li><span style=\"line-height: 32px;\" data-fusion-font=\"true\">Cookies de sesi\u00f3n, que se eliminan tan pronto como sale del navegador o sale del sitio web<\/span><\/li>\n<li><span style=\"line-height: 32px;\" data-fusion-font=\"true\">Cookies persistentes, que permanecen en su dispositivo hasta que caducan o hasta que las borra usando las funciones de su navegador.<\/span><\/li>\n<\/ul>\n<h3 class=\"fusion-responsive-typography-calculated\" style=\"line-height: 1.67;\" data-fontsize=\"24\" data-lineheight=\"40.0833px\">\u00bfPor qu\u00e9 tener una pol\u00edtica de cookies?<\/h3>\n<p><span style=\"line-height: 32px;\" data-fusion-font=\"true\">Para proporcionar informaci\u00f3n m\u00e1s relevante y garantizar la transparencia, Tamuda Sky SARL tiene como objetivo ayudarle a obtener m\u00e1s informaci\u00f3n sobre lo siguiente:<\/span><\/p>\n<ul>\n<li><span style=\"line-height: 32px;\" data-fusion-font=\"true\">El origen y el prop\u00f3sito de la informaci\u00f3n procesada cuando navega por los sitios web de Tamuda Sky SARL.<\/span><\/li>\n<li><span style=\"line-height: 32px;\" data-fusion-font=\"true\">Sus derechos con respecto a las cookies y otros rastreadores utilizados por Tamuda Sky SARL.<\/span><\/li>\n<\/ul>\n<h3 class=\"fusion-responsive-typography-calculated\" style=\"line-height: 1.67;\" data-fontsize=\"24\" data-lineheight=\"40.0833px\">\u00bfPor qu\u00e9 utilizar cookies?<\/h3>\n<p style=\"line-height: 36px;\" data-fusion-font=\"true\">Usamos cookies y otros rastreadores principalmente para los siguientes prop\u00f3sitos:<\/p>\n<ol>\n<li><span style=\"line-height: 36px;\" data-fusion-font=\"true\">Cookies estrictamente necesarias para navegar por los sitios web de Tamuda Sky SARL y para la posibilidad de utilizar todas sus funcionalidades, y destinadas en particular a:<br \/>\n<\/span><\/p>\n<ul>\n<li><span style=\"line-height: 36px;\" data-fusion-font=\"true\">Gestionar la autenticaci\u00f3n de los visitantes del sitio y las medidas de seguridad asociadas, y garantizar el correcto funcionamiento del m\u00f3dulo de autenticaci\u00f3n.<\/span><\/li>\n<li><span style=\"line-height: 36px;\" data-fusion-font=\"true\">Optimizar la experiencia del usuario y facilitar la navegaci\u00f3n, en particular determinando \"rutas t\u00e9cnicas\" para la navegaci\u00f3n.<\/span><\/li>\n<li><span style=\"line-height: 36px;\" data-fusion-font=\"true\">Almacenar informaci\u00f3n sobre el banner de informaci\u00f3n \"cookies\" que ven los visitantes del sitio web que luego contin\u00faan navegando por el sitio despu\u00e9s de aceptar las cookies en su dispositivo.<\/span><\/li>\n<li><span style=\"line-height: 36px;\" data-fusion-font=\"true\">Implementar medidas de seguridad. (por ejemplo, cuando se le solicita que se vuelva a conectar para obtener contenido o un servicio despu\u00e9s de un cierto per\u00edodo de tiempo, o para garantizar el funcionamiento b\u00e1sico de los sitios web de Tamuda Sky SARL y el uso de sus principales caracter\u00edsticas t\u00e9cnicas, como la supervisi\u00f3n del rendimiento de la navegaci\u00f3n y errores, gesti\u00f3n de sesiones de usuario, etc.)<\/span><\/li>\n<\/ul>\n<\/li>\n<li><span style=\"line-height: 36px;\" data-fusion-font=\"true\">Cookies para funciones destinadas en particular a:<br \/>\n<\/span><\/p>\n<ul>\n<li><span style=\"line-height: 36px;\" data-fusion-font=\"true\">Adaptar los sitios web de Tamuda Sky SARL a las preferencias de visualizaci\u00f3n de su dispositivo (idioma, moneda, resoluci\u00f3n de pantalla, sistema operativo utilizado, configuraci\u00f3n y ajustes de visualizaci\u00f3n de las p\u00e1ginas web seg\u00fan el dispositivo que utilice y su ubicaci\u00f3n, etc.)<\/span><\/li>\n<li><span style=\"line-height: 36px;\" data-fusion-font=\"true\">Almacenar informaci\u00f3n espec\u00edfica que ingrese en los sitios web de Tamuda Sky SARL para facilitar y personalizar sus visitas posteriores (incluida la visualizaci\u00f3n del nombre y apellido del visitante si el visitante tiene una cuenta de usuario).<\/span><\/li>\n<li><span style=\"line-height: 36px;\" data-fusion-font=\"true\">Permitirle acceder a sus p\u00e1ginas personales m\u00e1s r\u00e1pidamente al almacenar la informaci\u00f3n de inicio de sesi\u00f3n o la informaci\u00f3n que haya ingresado previamente.<\/span><\/li>\n<\/ul>\n<\/li>\n<li><span style=\"line-height: 36px;\" data-fusion-font=\"true\">Las cookies de seguimiento de visitantes tienen como objetivo mejorar la comodidad del usuario al ayudarnos a comprender sus interacciones con los sitios web de Tamuda Sky SARL (p\u00e1ginas m\u00e1s visitadas, aplicaciones utilizadas, etc.); Estas cookies pueden recopilar estad\u00edsticas o probar diferentes formas de mostrar informaci\u00f3n para mejorar la relevancia y usabilidad de nuestros servicios.<\/span><\/li>\n<li><span style=\"line-height: 36px;\" data-fusion-font=\"true\">Las cookies publicitarias est\u00e1n destinadas a (i) ofrecerle, en espacios publicitarios, contenido relevante y espec\u00edfico que pueda ser de su inter\u00e9s (mejores ofertas, otros destinos, etc.) seg\u00fan sus \u00e1reas de inter\u00e9s, su comportamiento de navegaci\u00f3n, sus preferencias y 'otros factores, y (ii) reducir el n\u00famero de veces que aparecen anuncios.<\/span><\/li>\n<li><span style=\"line-height: 36px;\" data-fusion-font=\"true\">Las cookies de afiliados identifican el sitio web de un tercero que redirigi\u00f3 a un visitante a los sitios web de Tamuda Sky SARL.<\/span><\/li>\n<li><span style=\"line-height: 36px;\" data-fusion-font=\"true\">Las cookies de redes sociales, establecidas por terceros, le permiten compartir su opini\u00f3n y el contenido de los sitios web de Tamuda Sky SARL en las redes sociales (por ejemplo, los botones de aplicaci\u00f3n \"Compartir\" o \"Me gusta\" para las redes sociales). Las aplicaciones de redes sociales en los sitios web de Tamuda Sky SARL como se mencion\u00f3 anteriormente pueden, en algunos casos, permitir que las redes sociales relevantes lo identifiquen incluso si no ha hecho clic en el bot\u00f3n de la aplicaci\u00f3n. Este tipo de bot\u00f3n puede permitir que una red social siga su navegaci\u00f3n en los sitios web de Tamuda Sky SARL, simplemente porque su cuenta en la red social correspondiente est\u00e1 activada en su dispositivo (sesi\u00f3n abierta) mientras navega.<\/span><br \/>\n<span style=\"line-height: 36px;\" data-fusion-font=\"true\"><br \/>\nLe recomendamos que lea las pol\u00edticas de estas redes sociales para familiarizarse con c\u00f3mo utilizan la informaci\u00f3n de navegaci\u00f3n que pueden recopilar, incluida la publicidad. Estas pol\u00edticas deben permitirle, en particular, tomar decisiones en estas redes sociales, en particular configurando sus cuentas de usuario para cada una de ellas.<\/span><\/li>\n<\/ol>\n<h3 class=\"fusion-responsive-typography-calculated\" style=\"line-height: 1.67;\" data-fontsize=\"24\" data-lineheight=\"40.0833px\">Consentimiento<\/h3>\n<p>La in<span style=\"line-height: 36px;\" data-fusion-font=\"true\">stalaci\u00f3n de determinadas cookies est\u00e1 sujeta a su consentimiento. Asimismo, durante su primera visita al sitio web de Tamuda Sky SARL, se le preguntar\u00e1 si acepta la instalaci\u00f3n de este tipo de cookie, que solo se activa despu\u00e9s de su aceptaci\u00f3n.<\/span><br \/>\n<span style=\"line-height: 36px;\" data-fusion-font=\"true\"><br \/>\nEste proceso est\u00e1 respaldado por un banner de informaci\u00f3n y un mensaje en la p\u00e1gina de inicio del sitio web de Tamuda Sky SARL, que le informa que al continuar navegando, acepta la instalaci\u00f3n de cookies en su dispositivo.<\/span><br \/>\n<span style=\"line-height: 36px;\" data-fusion-font=\"true\"><br \/>\nPuede cambiar de opini\u00f3n en cualquier momento utilizando los diferentes m\u00e9todos descritos en el apartado \u201cEliminar y \/ o bloquear cookies\u201d.<\/span><\/p>\n<h3 class=\"fusion-responsive-typography-calculated\" style=\"line-height: 1.67;\" data-fontsize=\"24\" data-lineheight=\"40.0833px\">Eliminaci\u00f3n y \/ o bloqueo de cookies<\/h3>\n<p>Tie<span style=\"line-height: 36px;\" data-fusion-font=\"true\">ne varias opciones para eliminar las cookies y otros rastreadores.<\/span><span style=\"line-height: 36px;\" data-fusion-font=\"true\"><br \/>\nConfiguraci\u00f3n del navegador<\/span><span style=\"line-height: 36px;\" data-fusion-font=\"true\">: Aunque la mayor\u00eda de los navegadores est\u00e1n configurados de forma predeterminada para aceptar cookies, si lo desea, puede optar por aceptar todas las cookies, bloquearlas siempre o elegir qu\u00e9 cookies aceptar seg\u00fan sus remitentes.<\/span><span style=\"line-height: 36px;\" data-fusion-font=\"true\"><br \/>\nTambi\u00e9n puede configurar su navegador para aceptar o bloquear las cookies caso por caso antes de que se instalen. Su navegador tambi\u00e9n le permite eliminar peri\u00f3dicamente las cookies de su dispositivo. No se olvide de configurar todos los navegadores de sus diferentes dispositivos (tabletas, tel\u00e9fonos inteligentes, ordenadores, etc.).<\/span><span style=\"line-height: 36px;\" data-fusion-font=\"true\"><br \/>\nEn cuanto a la gesti\u00f3n de cookies y sus preferencias, la configuraci\u00f3n var\u00eda para cada navegador. Esto se describe en el men\u00fa de Ayuda de su navegador, as\u00ed como tambi\u00e9n c\u00f3mo cambiar sus preferencias con respecto a las cookies. Por ejemplo:<\/span><\/p>\n<ul>\n<li><span style=\"line-height: 36px;\" data-fusion-font=\"true\">Para Internet Explorer \u2122: http:\/\/windows.microsoft.com\/en-US\/windows-vista\/Block-or-allow-cookies<\/span><\/li>\n<li><span style=\"line-height: 36px;\" data-fusion-font=\"true\">Para Safari \u2122 : http:\/\/www.apple.com\/legal\/privacy\/en-ww\/cookies<\/span><\/li>\n<li><span style=\"line-height: 36px;\" data-fusion-font=\"true\">Para Chrome \u2122 : http:\/\/support.google.com\/chrome\/bin\/answer.py?hl=fr&amp;hlrm=fr&amp;answer=95647<\/span><\/li>\n<li><span style=\"line-height: 36px;\" data-fusion-font=\"true\">Para Firefox \u2122 : https:\/\/support.mozilla.org\/en-US\/kb\/enable-and-disable-cookies-website-preferences<\/span><\/li>\n<li><span style=\"line-height: 36px;\" data-fusion-font=\"true\">Para Opera \u2122 : http:\/\/help.opera.com\/Windows\/10.20\/en\/cookies.html<\/span><\/li>\n<\/ul>\n<p><span style=\"line-height: 36px;\" data-fusion-font=\"true\">Guardar una cookie en su terminal depende de sus deseos, que puede ejercitar y modificar en cualquier momento y de forma gratuita utilizando la configuraci\u00f3n ofrecida por el software de su navegador.<\/span><span style=\"line-height: 36px;\" data-fusion-font=\"true\"><br \/>\nSi su navegador est\u00e1 configurado para aceptar cookies en su terminal, las cookies integradas en las p\u00e1ginas y el contenido que consulta pueden almacenarse temporalmente en un espacio dedicado en su terminal. Solo pueden ser le\u00eddos por su transmisor.<\/span><span style=\"line-height: 36px;\" data-fusion-font=\"true\"><br \/>\nSin embargo, puede configurar su navegador para bloquear las cookies. Tenga en cuenta que si configura su navegador para bloquear cookies, ciertas funciones, p\u00e1ginas y \u00e1reas de los sitios web de Tamuda Sky SARL no ser\u00e1n accesibles y no podemos ser responsables de estos problemas de acceso.<\/span><\/p>\n<\/div><\/div><\/div><\/div><\/div><div class=\"fusion-bg-parallax\" data-bg-align=\"left top\" data-direction=\"up\" data-mute=\"false\" data-opacity=\"100\" data-velocity=\"-0.3\" data-mobile-enabled=\"false\" data-break_parents=\"0\" data-bg-image=\"https:\/\/www.hoteltamudabeach.com\/wp-content\/uploads\/2020\/09\/background-book-now.jpg\" data-bg-repeat=\"false\" ><\/div><div class=\"fusion-fullwidth fullwidth-box fusion-builder-row-2 fusion-flex-container fusion-parallax-up nonhundred-percent-fullwidth non-hundred-percent-height-scrolling\" style=\"--awb-background-position:left top;--awb-border-sizes-top:0px;--awb-border-sizes-bottom:0px;--awb-border-sizes-left:0px;--awb-border-sizes-right:0px;--awb-border-radius-top-left:0px;--awb-border-radius-top-right:0px;--awb-border-radius-bottom-right:0px;--awb-border-radius-bottom-left:0px;--awb-padding-top:100px;--awb-padding-bottom:100px;--awb-padding-top-small:70px;--awb-padding-bottom-small:40px;--awb-background-image:url(&quot;https:\/\/www.hoteltamudabeach.com\/wp-content\/uploads\/2020\/09\/background-book-now.jpg&quot;);--awb-background-size:cover;--awb-flex-wrap:wrap;\" ><div class=\"fusion-builder-row fusion-row fusion-flex-align-items-flex-start fusion-flex-content-wrap\" style=\"max-width:1248px;margin-left: calc(-4% \/ 2 );margin-right: calc(-4% \/ 2 );\"><div class=\"fusion-layout-column fusion_builder_column fusion-builder-column-1 fusion_builder_column_1_6 1_6 fusion-flex-column fusion-no-small-visibility\" style=\"--awb-padding-top:10%;--awb-padding-right:10%;--awb-padding-bottom:10%;--awb-padding-left:10%;--awb-bg-size:cover;--awb-width-large:16.666666666667%;--awb-margin-top-large:0px;--awb-spacing-right-large:11.52%;--awb-margin-bottom-large:20px;--awb-spacing-left-large:11.52%;--awb-width-medium:16.666666666667%;--awb-spacing-right-medium:11.52%;--awb-spacing-left-medium:11.52%;--awb-width-small:100%;--awb-spacing-right-small:1.92%;--awb-spacing-left-small:1.92%;\"><div class=\"fusion-column-wrapper fusion-flex-justify-content-flex-start fusion-content-layout-column\"><\/div><\/div><div class=\"fusion-layout-column fusion_builder_column fusion-builder-column-2 fusion_builder_column_2_3 2_3 fusion-flex-column\" style=\"--awb-padding-top:5%;--awb-padding-right:5%;--awb-padding-bottom:5%;--awb-padding-left:5%;--awb-bg-color:rgba(255,255,255,.7);--awb-bg-color-hover:rgba(255,255,255,.7);--awb-bg-size:cover;--awb-width-large:66.666666666667%;--awb-margin-top-large:0px;--awb-spacing-right-large:2.88%;--awb-margin-bottom-large:20px;--awb-spacing-left-large:2.88%;--awb-width-medium:66.666666666667%;--awb-spacing-right-medium:2.88%;--awb-spacing-left-medium:2.88%;--awb-width-small:100%;--awb-spacing-right-small:1.92%;--awb-spacing-left-small:1.92%;\"><div class=\"fusion-column-wrapper fusion-flex-justify-content-flex-start fusion-content-layout-column\"><div class=\"fusion-title title fusion-title-1 fusion-title-center fusion-title-text fusion-title-size-two\" style=\"--awb-margin-bottom:0px;--awb-margin-top-small:0px;--awb-margin-right-small:0px;--awb-margin-bottom-small:0px;--awb-margin-left-small:0px;--awb-font-size:13px;\"><div class=\"title-sep-container title-sep-container-left\"><div class=\"title-sep sep- sep-solid\" style=\"border-color:#e0dede;\"><\/div><\/div><span class=\"awb-title-spacer\"><\/span><h2 class=\"fusion-title-heading title-heading-center fusion-responsive-typography-calculated\" style=\"font-family:&quot;Questrial&quot;;margin:0;letter-spacing:4px;font-size:1em;--fontSize:13;--minFontSize:13;line-height:1.69;\">MEJOR PRECIO GARANTIZADO<\/h2><span class=\"awb-title-spacer\"><\/span><div class=\"title-sep-container title-sep-container-right\"><div class=\"title-sep sep- sep-solid\" style=\"border-color:#e0dede;\"><\/div><\/div><\/div><div class=\"fusion-title title fusion-title-2 fusion-title-center fusion-title-text fusion-title-size-three\" style=\"--awb-margin-bottom:15px;--awb-margin-top-small:0px;--awb-margin-right-small:0px;--awb-margin-bottom-small:15px;--awb-margin-left-small:0px;--awb-font-size:46px;\"><div class=\"title-sep-container title-sep-container-left\"><div class=\"title-sep sep- sep-solid\" style=\"border-color:#e0dede;\"><\/div><\/div><span class=\"awb-title-spacer\"><\/span><h3 class=\"fusion-title-heading title-heading-center fusion-responsive-typography-calculated\" style=\"margin:0;font-size:1em;--fontSize:46;line-height:1.67;\">\u00a1Reserve su pr\u00f3xima estancia!<\/h3><span class=\"awb-title-spacer\"><\/span><div class=\"title-sep-container title-sep-container-right\"><div class=\"title-sep sep- sep-solid\" style=\"border-color:#e0dede;\"><\/div><\/div><\/div><div class=\"fusion-separator\" style=\"align-self: center;margin-left: auto;margin-right: auto;margin-top:0px;margin-bottom:20px;width:100%;max-width:50px;\"><div class=\"fusion-separator-border sep-single sep-solid\" style=\"--awb-height:20px;--awb-amount:20px;--awb-sep-color:#cbaa5c;border-color:#cbaa5c;border-top-width:1px;\"><\/div><\/div><div class=\"fusion-separator fusion-full-width-sep\" style=\"align-self: center;margin-left: auto;margin-right: auto;margin-top:12px;width:100%;\"><\/div><div style=\"text-align:center;\"><a class=\"fusion-button button-flat fusion-button-default-size button-default fusion-button-default button-1 fusion-button-default-span \" style=\"--button-border-radius-top-left:0;--button-border-radius-top-right:0;--button-border-radius-bottom-right:0;--button-border-radius-bottom-left:0;\" target=\"_self\" href=\"https:\/\/www.hoteltamudabeach.com\/es\/disponibilidad\/\"><span class=\"fusion-button-text awb-button__text awb-button__text--default\">reservar<\/span><\/a><\/div><\/div><\/div><div class=\"fusion-layout-column fusion_builder_column fusion-builder-column-3 fusion_builder_column_1_6 1_6 fusion-flex-column fusion-no-small-visibility\" style=\"--awb-padding-top:10%;--awb-padding-right:10%;--awb-padding-bottom:10%;--awb-padding-left:10%;--awb-bg-size:cover;--awb-width-large:16.666666666667%;--awb-margin-top-large:0px;--awb-spacing-right-large:11.52%;--awb-margin-bottom-large:20px;--awb-spacing-left-large:11.52%;--awb-width-medium:16.666666666667%;--awb-spacing-right-medium:11.52%;--awb-spacing-left-medium:11.52%;--awb-width-small:100%;--awb-spacing-right-small:1.92%;--awb-spacing-left-small:1.92%;\"><div class=\"fusion-column-wrapper fusion-flex-justify-content-flex-start fusion-content-layout-column\"><\/div><\/div><\/div><\/div><\/p>\n","protected":false},"excerpt":{"rendered":"","protected":false},"author":1,"featured_media":0,"parent":0,"menu_order":0,"comment_status":"open","ping_status":"open","template":"100-width.php","meta":{"footnotes":""},"class_list":["post-5702","page","type-page","status-publish","hentry"],"_links":{"self":[{"href":"https:\/\/www.hoteltamudabeach.com\/es\/wp-json\/wp\/v2\/pages\/5702","targetHints":{"allow":["GET"]}}],"collection":[{"href":"https:\/\/www.hoteltamudabeach.com\/es\/wp-json\/wp\/v2\/pages"}],"about":[{"href":"https:\/\/www.hoteltamudabeach.com\/es\/wp-json\/wp\/v2\/types\/page"}],"author":[{"embeddable":true,"href":"https:\/\/www.hoteltamudabeach.com\/es\/wp-json\/wp\/v2\/users\/1"}],"replies":[{"embeddable":true,"href":"https:\/\/www.hoteltamudabeach.com\/es\/wp-json\/wp\/v2\/comments?post=5702"}],"version-history":[{"count":19,"href":"https:\/\/www.hoteltamudabeach.com\/es\/wp-json\/wp\/v2\/pages\/5702\/revisions"}],"predecessor-version":[{"id":8426,"href":"https:\/\/www.hoteltamudabeach.com\/es\/wp-json\/wp\/v2\/pages\/5702\/revisions\/8426"}],"wp:attachment":[{"href":"https:\/\/www.hoteltamudabeach.com\/es\/wp-json\/wp\/v2\/media?parent=5702"}],"curies":[{"name":"wp","href":"https:\/\/api.w.org\/{rel}","templated":true}]}}