{"id":5594,"date":"2021-02-25T11:10:28","date_gmt":"2021-02-25T10:10:28","guid":{"rendered":"https:\/\/www.hoteltamudabeach.ma\/wp\/mejor-precio-garantizado\/"},"modified":"2021-12-07T17:22:10","modified_gmt":"2021-12-07T16:22:10","slug":"mejor-precio-garantizado","status":"publish","type":"page","link":"https:\/\/www.hoteltamudabeach.com\/es\/mejor-precio-garantizado\/","title":{"rendered":"Mejor Precio Garantizado"},"content":{"rendered":"<p><div class=\"fusion-fullwidth fullwidth-box fusion-builder-row-1 fusion-flex-container nonhundred-percent-fullwidth non-hundred-percent-height-scrolling\" style=\"--awb-background-position:left top;--awb-border-sizes-top:0px;--awb-border-sizes-bottom:0px;--awb-border-sizes-left:0px;--awb-border-sizes-right:0px;--awb-border-radius-top-left:0px;--awb-border-radius-top-right:0px;--awb-border-radius-bottom-right:0px;--awb-border-radius-bottom-left:0px;--awb-padding-top:20px;--awb-padding-bottom:95px;--awb-flex-wrap:wrap;\" ><div class=\"fusion-builder-row fusion-row fusion-flex-align-items-flex-start fusion-flex-content-wrap\" style=\"max-width:calc( 1200px + 0px );margin-left: calc(-0px \/ 2 );margin-right: calc(-0px \/ 2 );\"><div class=\"fusion-layout-column fusion_builder_column fusion-builder-column-0 fusion_builder_column_1_1 1_1 fusion-flex-column fusion-flex-align-self-flex-start fusion-column-no-min-height\" style=\"--awb-bg-size:cover;--awb-width-large:100%;--awb-margin-top-large:0px;--awb-spacing-right-large:0px;--awb-margin-bottom-large:0px;--awb-spacing-left-large:0px;--awb-width-medium:100%;--awb-spacing-right-medium:0px;--awb-spacing-left-medium:0px;--awb-width-small:100%;--awb-spacing-right-small:0px;--awb-spacing-left-small:0px;\"><div class=\"fusion-column-wrapper fusion-flex-justify-content-flex-start fusion-content-layout-column\"><div class=\"fusion-text fusion-text-1\"><h2>\u00bfQU\u00c9 ES LA GARANT\u00cdA DEL MEJOR PRECIO ?<\/h2>\n<h3>Mejor precio garantizado:<\/h3>\n<p>Al reservar a trav\u00e9s de nuestro sitio web oficial <a href=\"http:\/\/www.hoteltamudabeach.com\" target=\"_blank\" rel=\"noopener noreferrer\">www.hoteltamudabeach.com<\/a>, le garantizamos que obtendr\u00e1 el mejor precio posible.<br \/>\nSi encuentra un precio inferior en otro lugar dentro de las 24 horas de su reserva y de acuerdo con los mismos criterios (fechas, duraci\u00f3n de la estancia, n\u00famero de personas, tipo de habitaci\u00f3n, categor\u00eda, superficie, cama y vista) y en las mismas condiciones, le garantizamos que le reembolsaremos la diferencia. Pero es obligatorio que nos proporcione un documento de respaldo, de lo contrario, su solicitud ser\u00e1 rechazada.<\/p>\n<p>La Garant\u00eda del Mejor Precio no se aplica a paquetes u ofertas: consulte los t\u00e9rminos y condiciones.<\/p>\n<h2>\u00bfC\u00d3MO FUNCIONA EL PROCESO?<\/h2>\n<ul>\n<li>Prepare un correo electr\u00f3nico con toda la informaci\u00f3n (La Garant\u00eda del Mejor Precio no se aplica a las reservas realizadas dentro de las 48 horas de la fecha de llegada).<\/li>\n<li>Env\u00edelo a <a href=\"mailto:booking@hoteltamudabeach.com\">booking@hoteltamudabeach.com<\/a>. Le recomendamos que adjunte una \"captura de pantalla\" de la p\u00e1gina web que muestre el precio m\u00e1s bajo que haya encontrado en otro lugar.<\/li>\n<li>Recibir\u00e1 una respuesta nuestra en un plazo m\u00e1ximo de 2 d\u00edas h\u00e1biles.<\/li>\n<li>Una vez que hayamos verificado que lel precio m\u00e1s bajo en el otro sitio web cumple con los t\u00e9rminos y condiciones, le enviaremos un correo electr\u00f3nico confirmando la nueva reserva.<\/li>\n<li>Si su solicitud no cumple con las condiciones generales requeridas y por lo tanto no es aceptada por el Hotel Tamuda Beach, le enviaremos un correo electr\u00f3nico justificando nuestra respuesta.<\/li>\n<\/ul>\n<\/div><\/div><\/div><\/div><\/div><div class=\"fusion-bg-parallax\" data-bg-align=\"left top\" data-direction=\"up\" data-mute=\"false\" data-opacity=\"100\" data-velocity=\"-0.3\" data-mobile-enabled=\"false\" data-break_parents=\"0\" data-bg-image=\"https:\/\/www.hoteltamudabeach.com\/wp-content\/uploads\/2020\/09\/background-book-now.jpg\" data-bg-repeat=\"false\" ><\/div><div class=\"fusion-fullwidth fullwidth-box fusion-builder-row-2 fusion-flex-container fusion-parallax-up nonhundred-percent-fullwidth non-hundred-percent-height-scrolling\" style=\"--awb-background-position:left top;--awb-border-sizes-top:0px;--awb-border-sizes-bottom:0px;--awb-border-sizes-left:0px;--awb-border-sizes-right:0px;--awb-border-radius-top-left:0px;--awb-border-radius-top-right:0px;--awb-border-radius-bottom-right:0px;--awb-border-radius-bottom-left:0px;--awb-padding-top:100px;--awb-padding-bottom:100px;--awb-padding-top-small:70px;--awb-padding-bottom-small:40px;--awb-background-image:url(&quot;https:\/\/www.hoteltamudabeach.com\/wp-content\/uploads\/2020\/09\/background-book-now.jpg&quot;);--awb-background-size:cover;--awb-flex-wrap:wrap;\" ><div class=\"fusion-builder-row fusion-row fusion-flex-align-items-flex-start fusion-flex-content-wrap\" style=\"max-width:1248px;margin-left: calc(-4% \/ 2 );margin-right: calc(-4% \/ 2 );\"><div class=\"fusion-layout-column fusion_builder_column fusion-builder-column-1 fusion_builder_column_1_6 1_6 fusion-flex-column fusion-no-small-visibility\" style=\"--awb-padding-top:10%;--awb-padding-right:10%;--awb-padding-bottom:10%;--awb-padding-left:10%;--awb-bg-size:cover;--awb-width-large:16.666666666667%;--awb-margin-top-large:0px;--awb-spacing-right-large:11.52%;--awb-margin-bottom-large:20px;--awb-spacing-left-large:11.52%;--awb-width-medium:16.666666666667%;--awb-spacing-right-medium:11.52%;--awb-spacing-left-medium:11.52%;--awb-width-small:100%;--awb-spacing-right-small:1.92%;--awb-spacing-left-small:1.92%;\"><div class=\"fusion-column-wrapper fusion-flex-justify-content-flex-start fusion-content-layout-column\"><\/div><\/div><div class=\"fusion-layout-column fusion_builder_column fusion-builder-column-2 fusion_builder_column_2_3 2_3 fusion-flex-column\" style=\"--awb-padding-top:5%;--awb-padding-right:5%;--awb-padding-bottom:5%;--awb-padding-left:5%;--awb-bg-color:rgba(255,255,255,.7);--awb-bg-color-hover:rgba(255,255,255,.7);--awb-bg-size:cover;--awb-width-large:66.666666666667%;--awb-margin-top-large:0px;--awb-spacing-right-large:2.88%;--awb-margin-bottom-large:20px;--awb-spacing-left-large:2.88%;--awb-width-medium:66.666666666667%;--awb-spacing-right-medium:2.88%;--awb-spacing-left-medium:2.88%;--awb-width-small:100%;--awb-spacing-right-small:1.92%;--awb-spacing-left-small:1.92%;\"><div class=\"fusion-column-wrapper fusion-flex-justify-content-flex-start fusion-content-layout-column\"><div class=\"fusion-title title fusion-title-1 fusion-title-center fusion-title-text fusion-title-size-two\" style=\"--awb-margin-bottom:0px;--awb-margin-top-small:0px;--awb-margin-right-small:0px;--awb-margin-bottom-small:0px;--awb-margin-left-small:0px;--awb-font-size:13px;\"><div class=\"title-sep-container title-sep-container-left\"><div class=\"title-sep sep- sep-solid\" style=\"border-color:#e0dede;\"><\/div><\/div><span class=\"awb-title-spacer\"><\/span><h2 class=\"fusion-title-heading title-heading-center fusion-responsive-typography-calculated\" style=\"font-family:&quot;Questrial&quot;;margin:0;letter-spacing:4px;font-size:1em;--fontSize:13;--minFontSize:13;line-height:1.69;\">MEJOR PRECIO GARANTIZADO<\/h2><span class=\"awb-title-spacer\"><\/span><div class=\"title-sep-container title-sep-container-right\"><div class=\"title-sep sep- sep-solid\" style=\"border-color:#e0dede;\"><\/div><\/div><\/div><div class=\"fusion-title title fusion-title-2 fusion-title-center fusion-title-text fusion-title-size-three\" style=\"--awb-margin-bottom:15px;--awb-margin-top-small:0px;--awb-margin-right-small:0px;--awb-margin-bottom-small:15px;--awb-margin-left-small:0px;--awb-font-size:46px;\"><div class=\"title-sep-container title-sep-container-left\"><div class=\"title-sep sep- sep-solid\" style=\"border-color:#e0dede;\"><\/div><\/div><span class=\"awb-title-spacer\"><\/span><h3 class=\"fusion-title-heading title-heading-center fusion-responsive-typography-calculated\" style=\"margin:0;font-size:1em;--fontSize:46;line-height:1.67;\">\u00a1Reserve su pr\u00f3xima estancia!<\/h3><span class=\"awb-title-spacer\"><\/span><div class=\"title-sep-container title-sep-container-right\"><div class=\"title-sep sep- sep-solid\" style=\"border-color:#e0dede;\"><\/div><\/div><\/div><div class=\"fusion-separator\" style=\"align-self: center;margin-left: auto;margin-right: auto;margin-top:0px;margin-bottom:20px;width:100%;max-width:50px;\"><div class=\"fusion-separator-border sep-single sep-solid\" style=\"--awb-height:20px;--awb-amount:20px;--awb-sep-color:#cbaa5c;border-color:#cbaa5c;border-top-width:1px;\"><\/div><\/div><div class=\"fusion-separator fusion-full-width-sep\" style=\"align-self: center;margin-left: auto;margin-right: auto;margin-top:12px;width:100%;\"><\/div><div style=\"text-align:center;\"><a class=\"fusion-button button-flat fusion-button-default-size button-default fusion-button-default button-1 fusion-button-default-span \" style=\"--button-border-radius-top-left:0;--button-border-radius-top-right:0;--button-border-radius-bottom-right:0;--button-border-radius-bottom-left:0;\" target=\"_self\" href=\"https:\/\/www.hoteltamudabeach.com\/es\/disponibilidad\/\"><span class=\"fusion-button-text awb-button__text awb-button__text--default\">reservar<\/span><\/a><\/div><\/div><\/div><div class=\"fusion-layout-column fusion_builder_column fusion-builder-column-3 fusion_builder_column_1_6 1_6 fusion-flex-column fusion-no-small-visibility\" style=\"--awb-padding-top:10%;--awb-padding-right:10%;--awb-padding-bottom:10%;--awb-padding-left:10%;--awb-bg-size:cover;--awb-width-large:16.666666666667%;--awb-margin-top-large:0px;--awb-spacing-right-large:11.52%;--awb-margin-bottom-large:20px;--awb-spacing-left-large:11.52%;--awb-width-medium:16.666666666667%;--awb-spacing-right-medium:11.52%;--awb-spacing-left-medium:11.52%;--awb-width-small:100%;--awb-spacing-right-small:1.92%;--awb-spacing-left-small:1.92%;\"><div class=\"fusion-column-wrapper fusion-flex-justify-content-flex-start fusion-content-layout-column\"><\/div><\/div><\/div><\/div><\/p>\n","protected":false},"excerpt":{"rendered":"","protected":false},"author":1,"featured_media":0,"parent":0,"menu_order":0,"comment_status":"open","ping_status":"open","template":"100-width.php","meta":{"footnotes":""},"class_list":["post-5594","page","type-page","status-publish","hentry"],"_links":{"self":[{"href":"https:\/\/www.hoteltamudabeach.com\/es\/wp-json\/wp\/v2\/pages\/5594","targetHints":{"allow":["GET"]}}],"collection":[{"href":"https:\/\/www.hoteltamudabeach.com\/es\/wp-json\/wp\/v2\/pages"}],"about":[{"href":"https:\/\/www.hoteltamudabeach.com\/es\/wp-json\/wp\/v2\/types\/page"}],"author":[{"embeddable":true,"href":"https:\/\/www.hoteltamudabeach.com\/es\/wp-json\/wp\/v2\/users\/1"}],"replies":[{"embeddable":true,"href":"https:\/\/www.hoteltamudabeach.com\/es\/wp-json\/wp\/v2\/comments?post=5594"}],"version-history":[{"count":7,"href":"https:\/\/www.hoteltamudabeach.com\/es\/wp-json\/wp\/v2\/pages\/5594\/revisions"}],"predecessor-version":[{"id":8396,"href":"https:\/\/www.hoteltamudabeach.com\/es\/wp-json\/wp\/v2\/pages\/5594\/revisions\/8396"}],"wp:attachment":[{"href":"https:\/\/www.hoteltamudabeach.com\/es\/wp-json\/wp\/v2\/media?parent=5594"}],"curies":[{"name":"wp","href":"https:\/\/api.w.org\/{rel}","templated":true}]}}