{"id":5337,"date":"2021-02-23T13:03:03","date_gmt":"2021-02-23T12:03:03","guid":{"rendered":"https:\/\/www.hoteltamudabeach.ma\/wp\/aviso-legal\/"},"modified":"2021-12-08T10:28:51","modified_gmt":"2021-12-08T09:28:51","slug":"aviso-legal","status":"publish","type":"page","link":"https:\/\/www.hoteltamudabeach.com\/es\/aviso-legal\/","title":{"rendered":"Aviso Legal"},"content":{"rendered":"<p><div class=\"fusion-fullwidth fullwidth-box fusion-builder-row-1 fusion-flex-container nonhundred-percent-fullwidth non-hundred-percent-height-scrolling\" style=\"--awb-background-position:left top;--awb-border-sizes-top:0px;--awb-border-sizes-bottom:0px;--awb-border-sizes-left:0px;--awb-border-sizes-right:0px;--awb-border-radius-top-left:0px;--awb-border-radius-top-right:0px;--awb-border-radius-bottom-right:0px;--awb-border-radius-bottom-left:0px;--awb-padding-top:20px;--awb-padding-bottom:95px;--awb-flex-wrap:wrap;\" ><div class=\"fusion-builder-row fusion-row fusion-flex-align-items-flex-start fusion-flex-content-wrap\" style=\"max-width:calc( 1200px + 0px );margin-left: calc(-0px \/ 2 );margin-right: calc(-0px \/ 2 );\"><div class=\"fusion-layout-column fusion_builder_column fusion-builder-column-0 fusion_builder_column_1_1 1_1 fusion-flex-column fusion-flex-align-self-flex-start fusion-column-no-min-height\" style=\"--awb-bg-size:cover;--awb-width-large:100%;--awb-margin-top-large:0px;--awb-spacing-right-large:0px;--awb-margin-bottom-large:0px;--awb-spacing-left-large:0px;--awb-width-medium:100%;--awb-spacing-right-medium:0px;--awb-spacing-left-medium:0px;--awb-width-small:100%;--awb-spacing-right-small:0px;--awb-spacing-left-small:0px;\"><div class=\"fusion-column-wrapper fusion-flex-justify-content-flex-start fusion-content-layout-column\"><div class=\"fusion-text fusion-text-1\"><h1 style=\"--fontSize:46; line-height: 1.11;\" data-fontsize=\"46\" data-lineheight=\"51.0667px\" class=\"fusion-responsive-typography-calculated\">Aviso Legal<\/h1>\n<p>El sitio accesible en la direcci\u00f3n www.hoteltamudabeach.com (en adelante, el \u201csitio\u201d) est\u00e1 destinado a la informaci\u00f3n personal de los usuarios de Internet que lo utilizan. El acceso y uso de este sitio est\u00e1n sujetos al presente \"Aviso Legal\" que se detalla a continuaci\u00f3n, as\u00ed como a las leyes y \/ o regulaciones aplicables. La conexi\u00f3n y acceso a este sitio implica la aceptaci\u00f3n plena y sin reservas por parte del internauta de todas las disposiciones del presente aviso legal.<br \/>\nLa empresa propietaria del sitio se reserva el derecho de modificar y actualizar, sin previo aviso, este aviso legal y todos los elementos o servicios presentados en el sitio. Todas estas modificaciones son vinculantes para los internautas que deben consultar este aviso legal vinculado al sitio.<br \/>\nEste aviso legal est\u00e1 sujeto a la ley marroqu\u00ed.<\/p>\n<h3 style=\"--fontSize:24; line-height: 1.67;\" data-fontsize=\"24\" data-lineheight=\"40.0833px\" class=\"fusion-responsive-typography-calculated\">Publicaci\u00f3n<\/h3>\n<p>El sitio: www.hoteltamudabeach.com est\u00e1 publicado por la empresa Tamuda Sky SARL, ubicada en Route de Ceuta - Residencia \"Les Jardins de Marjane\" 1er piso (frente a Marjane) Tetu\u00e1n, 93000, Marruecos, bajo la ley marroqu\u00ed, registrada en RC 19059.<\/p>\n<ul>\n<li>Direcci\u00f3n de correo electr\u00f3nico de contacto: contact@hoteltamudabeach.com.<\/li>\n<li>Direcci\u00f3n del Hotel Tamuda Beach : B.P.696, Route de Sebta Km 13, Kabila, M'diq 93200, Marruecos.<\/li>\n<li>N\u00famero de tel\u00e9fono : <a href=\"tel:+212%20539%20666%20969\">+212539 666 969<\/a> \/ <a href=\"tel:+212%20539%20666%20464\">+212 539 666 464<\/a><\/li>\n<li>N\u00famero de fax : +212 539 666 226<\/li>\n<\/ul>\n<h3 style=\"--fontSize:24; line-height: 1.67;\" data-fontsize=\"24\" data-lineheight=\"40.0833px\" class=\"fusion-responsive-typography-calculated\">Derechos de propiedad intelectual<\/h3>\n<p>Tamuda Sky SARL advierte a los usuarios de este sitio que muchos elementos del mismo:<\/p>\n<ol>\n<li>Est\u00e1n protegidos por la ley de derechos de autor: esto puede ser en particular fotograf\u00edas, art\u00edculos, dibujos, secuencias animadas, grabaciones en formato de audio o video digital, etc.<\/li>\n<li>Y \/ o est\u00e1n protegidos por la legislaci\u00f3n sobre dise\u00f1os<\/li>\n<li>Est\u00e1n protegidos por la legislaci\u00f3n sobre marcas comerciales: son en particular la marca, el logotipo, que aparecen en el sitio. Los elementos as\u00ed protegidos son propiedad de Tamuda Sky SARL.<\/li>\n<\/ol>\n<p>Como tal, queda prohibida cualquier reproducci\u00f3n, representaci\u00f3n, uso, adaptaci\u00f3n, modificaci\u00f3n, incorporaci\u00f3n, traducci\u00f3n, comercializaci\u00f3n, parcial o completa por cualquier proceso y en cualquier medio (papel, digital, etc.) sin la autorizaci\u00f3n previa por escrito de Tamuda Sky SARL .<br \/>\nLas fotos, la informaci\u00f3n, las marcas y los logotipos que se muestran en este sitio son propiedad respectiva de la compa\u00f1\u00eda que los opera y no pueden usarse sin el consentimiento previo por escrito de Tamuda Sky SARL. Estas marcas incluyen, entre otros, cualquier contenido no identificado por su nombre en este aviso legal.<\/p>\n<h3 style=\"--fontSize:24; line-height: 1.67;\" data-fontsize=\"24\" data-lineheight=\"40.0833px\" class=\"fusion-responsive-typography-calculated\">M\u00e9todos de intercambio de datos de informaci\u00f3n<\/h3>\n<p>El intercambio de datos de informaci\u00f3n est\u00e1 reservado exclusivamente para adultos.<br \/>\nEn el caso de que el usuario proporcione informaci\u00f3n falsa, inexacta, desactualizada, incompleta, o enga\u00f1osa, Tamuda Sky SARL podr\u00e1, inmediatamente, sin previo aviso ni compensaci\u00f3n, suspender o cancelar la cuenta personal del usuario y negarle el acceso, temporal o definitivamente, a todos o parte de los servicios.<\/p>\n<h3 style=\"--fontSize:24; line-height: 1.67;\" data-fontsize=\"24\" data-lineheight=\"40.0833px\" class=\"fusion-responsive-typography-calculated\">Gesti\u00f3n de c\u00f3digos PIN<\/h3>\n<p>Tamuda Sky SARL le proporciona diferentes \u00e1reas en este sitio web que le permiten tener acceso a servicios privilegiados. Para acceder a sus reservas, debe ingresar un c\u00f3digo PIN. Este c\u00f3digo PIN es estrictamente personal y debe asegurar su confidencialidad. Como tal, usted es responsable de cualquier uso de este c\u00f3digo PIN y Tamuda Sky SARL no se hace responsable de ninguna manera por cualquier p\u00e9rdida o da\u00f1o causado por el uso de estos espacios y \/ o este PIN.<br \/>\nDebe informar a Tamuda Sky SARL de cualquier uso fraudulento de su c\u00f3digo PIN o espacio y cerrar la sesi\u00f3n despu\u00e9s de cada consulta del sitio.<br \/>\nEste c\u00f3digo PIN se puede utilizar peri\u00f3dicamente despu\u00e9s de cada visita al sitio para consultar el historial de sus reservas o para realizar una nueva.<\/p>\n<h3 style=\"--fontSize:24; line-height: 1.67;\" data-fontsize=\"24\" data-lineheight=\"40.0833px\" class=\"fusion-responsive-typography-calculated\">Limitaci\u00f3n de responsabilidad<\/h3>\n<p>Se utiliza el sitio bajo su \u00fanica y entera responsabilidad. Tamuda Sky SARL no se hace responsable de los da\u00f1os directos o indirectos, tales como, en particular, da\u00f1os materiales, p\u00e9rdida de datos o programas, p\u00e9rdidas financieras, que resulten del uso de este sitio o sitios vinculados a \u00e9l.<\/p>\n<h3 style=\"--fontSize:24; line-height: 1.67;\" data-fontsize=\"24\" data-lineheight=\"40.0833px\" class=\"fusion-responsive-typography-calculated\">Responsabilidad del usuario<\/h3>\n<p>Los usuarios del sitio se comprometen a respetar el presente aviso legal y a utilizar el sitio bajo su responsabilidad. Se considera que el usuario ha aceptado este aviso legal simplemente consultando el sitio. Cualquier consulta del sitio implica la aceptaci\u00f3n de este aviso legal en su \u00faltima versi\u00f3n.<br \/>\nTamuda Sky SARL no se hace responsable de los da\u00f1os resultantes del uso del sitio.<br \/>\nEn particular, los usuarios deben proteger su equipo t\u00e9cnico contra cualquier forma de contaminaci\u00f3n por virus y \/ o intentos de intrusi\u00f3n, Tamuda Sky SARL no se hace responsable en este caso.<\/p>\n<h3 style=\"--fontSize:24; line-height: 1.67;\" data-fontsize=\"24\" data-lineheight=\"40.0833px\" class=\"fusion-responsive-typography-calculated\">El acceso a los elementos<\/h3>\n<p>Los elementos del sitio son accesibles a trav\u00e9s de la red de Internet.<br \/>\nTodos los costos relacionados con el acceso a los Elementos, ya sean hardware, software o costos de acceso a Internet, son responsabilidad del usuario. El usuario es el \u00fanico responsable del buen funcionamiento de sus equipos inform\u00e1ticos as\u00ed como de su acceso a Internet.<br \/>\nEl usuario declara aceptar las caracter\u00edsticas y l\u00edmites de internet y reconoce tener conocimiento de la naturaleza de la red de internet y, en particular, de su desempe\u00f1o t\u00e9cnico, tiempos de respuesta para consulta o transferencia de informaci\u00f3n y transmisi\u00f3n a trav\u00e9s de internet. Tamuda Sky SARL utiliza todos los medios razonables a su alcance para garantizar un acceso de calidad a los elementos, especific\u00e1ndose que Tamuda Sky SARL no tiene ninguna obligaci\u00f3n de resultado para lograrlo.<\/p>\n<h3 style=\"--fontSize:24; line-height: 1.67;\" data-fontsize=\"24\" data-lineheight=\"40.0833px\" class=\"fusion-responsive-typography-calculated\">Ley aplicable y jurisdicci\u00f3n competente<\/h3>\n<p>El sitio y este aviso legal est\u00e1n sujetos a la ley marroqu\u00ed.<\/p>\n<\/div><\/div><\/div><\/div><\/div><div class=\"fusion-bg-parallax\" data-bg-align=\"left top\" data-direction=\"up\" data-mute=\"false\" data-opacity=\"100\" data-velocity=\"-0.3\" data-mobile-enabled=\"false\" data-break_parents=\"0\" data-bg-image=\"https:\/\/www.hoteltamudabeach.com\/wp-content\/uploads\/2020\/09\/background-book-now.jpg\" data-bg-repeat=\"false\" ><\/div><div class=\"fusion-fullwidth fullwidth-box fusion-builder-row-2 fusion-flex-container fusion-parallax-up nonhundred-percent-fullwidth non-hundred-percent-height-scrolling\" style=\"--awb-background-position:left top;--awb-border-sizes-top:0px;--awb-border-sizes-bottom:0px;--awb-border-sizes-left:0px;--awb-border-sizes-right:0px;--awb-border-radius-top-left:0px;--awb-border-radius-top-right:0px;--awb-border-radius-bottom-right:0px;--awb-border-radius-bottom-left:0px;--awb-padding-top:100px;--awb-padding-bottom:100px;--awb-padding-top-small:70px;--awb-padding-bottom-small:40px;--awb-background-image:url(&quot;https:\/\/www.hoteltamudabeach.com\/wp-content\/uploads\/2020\/09\/background-book-now.jpg&quot;);--awb-background-size:cover;--awb-flex-wrap:wrap;\" ><div class=\"fusion-builder-row fusion-row fusion-flex-align-items-flex-start fusion-flex-content-wrap\" style=\"max-width:1248px;margin-left: calc(-4% \/ 2 );margin-right: calc(-4% \/ 2 );\"><div class=\"fusion-layout-column fusion_builder_column fusion-builder-column-1 fusion_builder_column_1_6 1_6 fusion-flex-column fusion-no-small-visibility\" style=\"--awb-padding-top:10%;--awb-padding-right:10%;--awb-padding-bottom:10%;--awb-padding-left:10%;--awb-bg-size:cover;--awb-width-large:16.666666666667%;--awb-margin-top-large:0px;--awb-spacing-right-large:11.52%;--awb-margin-bottom-large:20px;--awb-spacing-left-large:11.52%;--awb-width-medium:16.666666666667%;--awb-spacing-right-medium:11.52%;--awb-spacing-left-medium:11.52%;--awb-width-small:100%;--awb-spacing-right-small:1.92%;--awb-spacing-left-small:1.92%;\"><div class=\"fusion-column-wrapper fusion-flex-justify-content-flex-start fusion-content-layout-column\"><\/div><\/div><div class=\"fusion-layout-column fusion_builder_column fusion-builder-column-2 fusion_builder_column_2_3 2_3 fusion-flex-column\" style=\"--awb-padding-top:5%;--awb-padding-right:5%;--awb-padding-bottom:5%;--awb-padding-left:5%;--awb-bg-color:rgba(255,255,255,.7);--awb-bg-color-hover:rgba(255,255,255,.7);--awb-bg-size:cover;--awb-width-large:66.666666666667%;--awb-margin-top-large:0px;--awb-spacing-right-large:2.88%;--awb-margin-bottom-large:20px;--awb-spacing-left-large:2.88%;--awb-width-medium:66.666666666667%;--awb-spacing-right-medium:2.88%;--awb-spacing-left-medium:2.88%;--awb-width-small:100%;--awb-spacing-right-small:1.92%;--awb-spacing-left-small:1.92%;\"><div class=\"fusion-column-wrapper fusion-flex-justify-content-flex-start fusion-content-layout-column\"><div class=\"fusion-title title fusion-title-1 fusion-title-center fusion-title-text fusion-title-size-two\" style=\"--awb-margin-bottom:0px;--awb-margin-top-small:0px;--awb-margin-right-small:0px;--awb-margin-bottom-small:0px;--awb-margin-left-small:0px;--awb-font-size:13px;\"><div class=\"title-sep-container title-sep-container-left\"><div class=\"title-sep sep- sep-solid\" style=\"border-color:#e0dede;\"><\/div><\/div><span class=\"awb-title-spacer\"><\/span><h2 class=\"fusion-title-heading title-heading-center fusion-responsive-typography-calculated\" style=\"font-family:&quot;Questrial&quot;;margin:0;letter-spacing:4px;font-size:1em;--fontSize:13;--minFontSize:13;line-height:1.69;\">MEJOR PRECIO GARANTIZADO<\/h2><span class=\"awb-title-spacer\"><\/span><div class=\"title-sep-container title-sep-container-right\"><div class=\"title-sep sep- sep-solid\" style=\"border-color:#e0dede;\"><\/div><\/div><\/div><div class=\"fusion-title title fusion-title-2 fusion-title-center fusion-title-text fusion-title-size-three\" style=\"--awb-margin-bottom:15px;--awb-margin-top-small:0px;--awb-margin-right-small:0px;--awb-margin-bottom-small:15px;--awb-margin-left-small:0px;--awb-font-size:46px;\"><div class=\"title-sep-container title-sep-container-left\"><div class=\"title-sep sep- sep-solid\" style=\"border-color:#e0dede;\"><\/div><\/div><span class=\"awb-title-spacer\"><\/span><h3 class=\"fusion-title-heading title-heading-center fusion-responsive-typography-calculated\" style=\"margin:0;font-size:1em;--fontSize:46;line-height:1.67;\">\u00a1Reserve su pr\u00f3xima estancia!<\/h3><span class=\"awb-title-spacer\"><\/span><div class=\"title-sep-container title-sep-container-right\"><div class=\"title-sep sep- sep-solid\" style=\"border-color:#e0dede;\"><\/div><\/div><\/div><div class=\"fusion-separator\" style=\"align-self: center;margin-left: auto;margin-right: auto;margin-top:0px;margin-bottom:20px;width:100%;max-width:50px;\"><div class=\"fusion-separator-border sep-single sep-solid\" style=\"--awb-height:20px;--awb-amount:20px;--awb-sep-color:#cbaa5c;border-color:#cbaa5c;border-top-width:1px;\"><\/div><\/div><div class=\"fusion-separator fusion-full-width-sep\" style=\"align-self: center;margin-left: auto;margin-right: auto;margin-top:12px;width:100%;\"><\/div><div style=\"text-align:center;\"><a class=\"fusion-button button-flat fusion-button-default-size button-default fusion-button-default button-1 fusion-button-default-span \" style=\"--button-border-radius-top-left:0;--button-border-radius-top-right:0;--button-border-radius-bottom-right:0;--button-border-radius-bottom-left:0;\" target=\"_self\" href=\"https:\/\/www.hoteltamudabeach.com\/es\/disponibilidad\/\"><span class=\"fusion-button-text awb-button__text awb-button__text--default\">reservar<\/span><\/a><\/div><\/div><\/div><div class=\"fusion-layout-column fusion_builder_column fusion-builder-column-3 fusion_builder_column_1_6 1_6 fusion-flex-column fusion-no-small-visibility\" style=\"--awb-padding-top:10%;--awb-padding-right:10%;--awb-padding-bottom:10%;--awb-padding-left:10%;--awb-bg-size:cover;--awb-width-large:16.666666666667%;--awb-margin-top-large:0px;--awb-spacing-right-large:11.52%;--awb-margin-bottom-large:20px;--awb-spacing-left-large:11.52%;--awb-width-medium:16.666666666667%;--awb-spacing-right-medium:11.52%;--awb-spacing-left-medium:11.52%;--awb-width-small:100%;--awb-spacing-right-small:1.92%;--awb-spacing-left-small:1.92%;\"><div class=\"fusion-column-wrapper fusion-flex-justify-content-flex-start fusion-content-layout-column\"><\/div><\/div><\/div><\/div><\/p>\n","protected":false},"excerpt":{"rendered":"","protected":false},"author":1,"featured_media":0,"parent":0,"menu_order":0,"comment_status":"open","ping_status":"open","template":"100-width.php","meta":{"footnotes":""},"class_list":["post-5337","page","type-page","status-publish","hentry"],"_links":{"self":[{"href":"https:\/\/www.hoteltamudabeach.com\/es\/wp-json\/wp\/v2\/pages\/5337","targetHints":{"allow":["GET"]}}],"collection":[{"href":"https:\/\/www.hoteltamudabeach.com\/es\/wp-json\/wp\/v2\/pages"}],"about":[{"href":"https:\/\/www.hoteltamudabeach.com\/es\/wp-json\/wp\/v2\/types\/page"}],"author":[{"embeddable":true,"href":"https:\/\/www.hoteltamudabeach.com\/es\/wp-json\/wp\/v2\/users\/1"}],"replies":[{"embeddable":true,"href":"https:\/\/www.hoteltamudabeach.com\/es\/wp-json\/wp\/v2\/comments?post=5337"}],"version-history":[{"count":5,"href":"https:\/\/www.hoteltamudabeach.com\/es\/wp-json\/wp\/v2\/pages\/5337\/revisions"}],"predecessor-version":[{"id":8441,"href":"https:\/\/www.hoteltamudabeach.com\/es\/wp-json\/wp\/v2\/pages\/5337\/revisions\/8441"}],"wp:attachment":[{"href":"https:\/\/www.hoteltamudabeach.com\/es\/wp-json\/wp\/v2\/media?parent=5337"}],"curies":[{"name":"wp","href":"https:\/\/api.w.org\/{rel}","templated":true}]}}